{"id":2433,"date":"2022-12-13T12:56:10","date_gmt":"2022-12-13T12:56:10","guid":{"rendered":"https:\/\/www.medialiteracyireland.ie\/?page_id=2433"},"modified":"2024-08-13T12:01:16","modified_gmt":"2024-08-13T11:01:16","slug":"banners-badges","status":"publish","type":"page","link":"https:\/\/www.medialiteracyireland.ie\/ga\/awards\/spread-the-word\/banners-badges\/","title":{"rendered":"Banners &#038; Badges"},"content":{"rendered":"\r\n<!--#section-highlight\" -->\r\n<section class=\"section-highlight py-4 py-lg-5 mb-lg-4\">\r\n\t<div class=\"container px-0 px-lg-3\">\r\n\t\t<div class=\"row g-0\">\r\n\t\t\t<div class=\"col-12 col-lg-7 \">\r\n\t\t\t\t<div class=\"section-highlight-content bg-color-purple px-4 px-lg-5 py-4 py-lg-5\">\r\n\t\t\t\t\t<div class=\"px-lg-3 pt-lg-4\">\r\n\t\t\t\t\t\t<h1><b>Meirg\u00ed &amp; Suaitheantais<\/b><\/h1>\n<p>Chun \u00fas\u00e1id a bhaint as \u00e1r Meirg\u00ed &amp; Suaitheantais , \u00edosl\u00f3d\u00e1il na cinn a thaitn\u00edonn leat \u00a0agus d\u00e9an cinnte iad a \u00fas\u00e1id ar na me\u00e1in sh\u00f3isialta.<\/p>\n<h3>\u00cdosl\u00f3d\u00e1il s\u00f3cmhainn\u00ed<\/h3>\n<ul>\n<li><strong><a href=\"https:\/\/www.medialiteracyireland.ie\/wp-content\/uploads\/2024\/08\/Facebook.zip\">Facebook (zip)<\/a><\/strong><\/li>\n<li><strong><a href=\"https:\/\/www.medialiteracyireland.ie\/wp-content\/uploads\/2024\/08\/Twitter.zip\">Twitter (zip)<\/a><\/strong><\/li>\n<li><strong><a href=\"https:\/\/www.medialiteracyireland.ie\/wp-content\/uploads\/2024\/08\/Instagram.zip\">Instagram (zip)<\/a><\/strong><\/li>\n<li><strong><a href=\"https:\/\/www.medialiteracyireland.ie\/wp-content\/uploads\/2024\/08\/Irish-Landscape.zip\">S\u00f3cmhainn\u00ed i bhform\u00e1id T\u00edrdhreacha (zip)<\/a><\/strong><\/li>\n<li><strong><a href=\"https:\/\/www.medialiteracyireland.ie\/wp-content\/uploads\/2024\/08\/Irish-Portrait.zip\">S\u00f3cmhainn\u00ed u bhform\u00e1id Portr\u00e1ide (zip)<\/a><\/strong><\/li>\n<\/ul>\n\t\t\t\t\t\t\r\n\t\t\t\t\t\t\t\t\t\t\t<\/div>\r\n\t\t\t\t<\/div>\r\n\t\t\t<\/div>\r\n\t\t\t<div class=\"col-12 col-lg-2 \">\r\n\t\t\t\t<div class=\"h-100 bg-color-purple\">\r\n\t\t\t\t\t\r\n\t\t\t\t<\/div>\r\n\t\t\t<\/div>\r\n\t\t\t<div class=\"col-12 col-lg-3 \">\r\n\t\t\t\t<div class=\"section-highlight-img-container   position-relative h-100\">\r\n\t\t\t\t\t\r\n\t\t\t\t\t\r\n\t\t\t\t\t\t\t\t\t\t\r\n\t\t\t\t\t\r\n\t\t\t\t\t<div class=\"section-highlight-img-mobile-bg bg-color-purple d-block d-lg-none\"><\/div>\r\n\t\t\t\t<\/div>\r\n\t\t\t<\/div>\t\t\t\t\r\n\t\t<\/div>\r\n\t\t\r\n\t<\/div>\r\n<\/section>\r\n","protected":false},"excerpt":{"rendered":"","protected":false},"author":5,"featured_media":0,"parent":2029,"menu_order":0,"comment_status":"closed","ping_status":"closed","template":"","meta":{"_acf_changed":false,"footnotes":""},"class_list":["post-2433","page","type-page","status-publish","hentry"],"acf":[],"yoast_head":"<!-- This site is optimized with the Yoast SEO plugin v27.4 - https:\/\/yoast.com\/product\/yoast-seo-wordpress\/ -->\n<title>Banners &amp; Badges - Media Literacy Ireland<\/title>\n<meta name=\"robots\" content=\"index, follow, max-snippet:-1, max-image-preview:large, max-video-preview:-1\" \/>\n<link rel=\"canonical\" href=\"https:\/\/www.medialiteracyireland.ie\/awards\/spread-the-word\/banners-badges\/\" \/>\n<meta property=\"og:locale\" content=\"ga_IE\" \/>\n<meta property=\"og:type\" content=\"article\" \/>\n<meta property=\"og:title\" content=\"Banners &amp; Badges - Media Literacy Ireland\" \/>\n<meta property=\"og:url\" content=\"https:\/\/www.medialiteracyireland.ie\/awards\/spread-the-word\/banners-badges\/\" \/>\n<meta property=\"og:site_name\" content=\"Media Literacy Ireland\" \/>\n<meta property=\"article:modified_time\" content=\"2024-08-13T11:01:16+00:00\" \/>\n<meta name=\"twitter:card\" content=\"summary_large_image\" \/>\n<script type=\"application\/ld+json\" class=\"yoast-schema-graph\">{\"@context\":\"https:\\\/\\\/schema.org\",\"@graph\":[{\"@type\":\"WebPage\",\"@id\":\"https:\\\/\\\/www.medialiteracyireland.ie\\\/awards\\\/spread-the-word\\\/banners-badges\\\/\",\"url\":\"https:\\\/\\\/www.medialiteracyireland.ie\\\/awards\\\/spread-the-word\\\/banners-badges\\\/\",\"name\":\"Banners & Badges - Media Literacy Ireland\",\"isPartOf\":{\"@id\":\"https:\\\/\\\/www.medialiteracyireland.ie\\\/#website\"},\"datePublished\":\"2022-12-13T12:56:10+00:00\",\"dateModified\":\"2024-08-13T11:01:16+00:00\",\"breadcrumb\":{\"@id\":\"https:\\\/\\\/www.medialiteracyireland.ie\\\/awards\\\/spread-the-word\\\/banners-badges\\\/#breadcrumb\"},\"inLanguage\":\"ga-IE\",\"potentialAction\":[{\"@type\":\"ReadAction\",\"target\":[\"https:\\\/\\\/www.medialiteracyireland.ie\\\/awards\\\/spread-the-word\\\/banners-badges\\\/\"]}]},{\"@type\":\"BreadcrumbList\",\"@id\":\"https:\\\/\\\/www.medialiteracyireland.ie\\\/awards\\\/spread-the-word\\\/banners-badges\\\/#breadcrumb\",\"itemListElement\":[{\"@type\":\"ListItem\",\"position\":1,\"name\":\"Home\",\"item\":\"https:\\\/\\\/www.medialiteracyireland.ie\\\/\"},{\"@type\":\"ListItem\",\"position\":2,\"name\":\"Maidir leis na Gradaim\",\"item\":\"https:\\\/\\\/www.medialiteracyireland.ie\\\/awards\\\/\"},{\"@type\":\"ListItem\",\"position\":3,\"name\":\"Private: Scaip an sc\u00e9al\",\"item\":\"https:\\\/\\\/www.medialiteracyireland.ie\\\/?page_id=1809\"},{\"@type\":\"ListItem\",\"position\":4,\"name\":\"Banners &#038; Badges\"}]},{\"@type\":\"WebSite\",\"@id\":\"https:\\\/\\\/www.medialiteracyireland.ie\\\/#website\",\"url\":\"https:\\\/\\\/www.medialiteracyireland.ie\\\/\",\"name\":\"Media Literacy Ireland\",\"description\":\"An informal alliance working together to promote media literacy in Ireland.\",\"potentialAction\":[{\"@type\":\"SearchAction\",\"target\":{\"@type\":\"EntryPoint\",\"urlTemplate\":\"https:\\\/\\\/www.medialiteracyireland.ie\\\/?s={search_term_string}\"},\"query-input\":{\"@type\":\"PropertyValueSpecification\",\"valueRequired\":true,\"valueName\":\"search_term_string\"}}],\"inLanguage\":\"ga-IE\"}]}<\/script>\n<!-- \/ Yoast SEO plugin. -->","yoast_head_json":{"title":"Banners & Badges - Media Literacy Ireland","robots":{"index":"index","follow":"follow","max-snippet":"max-snippet:-1","max-image-preview":"max-image-preview:large","max-video-preview":"max-video-preview:-1"},"canonical":"https:\/\/www.medialiteracyireland.ie\/awards\/spread-the-word\/banners-badges\/","og_locale":"ga_IE","og_type":"article","og_title":"Banners & Badges - Media Literacy Ireland","og_url":"https:\/\/www.medialiteracyireland.ie\/awards\/spread-the-word\/banners-badges\/","og_site_name":"Media Literacy Ireland","article_modified_time":"2024-08-13T11:01:16+00:00","twitter_card":"summary_large_image","schema":{"@context":"https:\/\/schema.org","@graph":[{"@type":"WebPage","@id":"https:\/\/www.medialiteracyireland.ie\/awards\/spread-the-word\/banners-badges\/","url":"https:\/\/www.medialiteracyireland.ie\/awards\/spread-the-word\/banners-badges\/","name":"Banners & Badges - Media Literacy Ireland","isPartOf":{"@id":"https:\/\/www.medialiteracyireland.ie\/#website"},"datePublished":"2022-12-13T12:56:10+00:00","dateModified":"2024-08-13T11:01:16+00:00","breadcrumb":{"@id":"https:\/\/www.medialiteracyireland.ie\/awards\/spread-the-word\/banners-badges\/#breadcrumb"},"inLanguage":"ga-IE","potentialAction":[{"@type":"ReadAction","target":["https:\/\/www.medialiteracyireland.ie\/awards\/spread-the-word\/banners-badges\/"]}]},{"@type":"BreadcrumbList","@id":"https:\/\/www.medialiteracyireland.ie\/awards\/spread-the-word\/banners-badges\/#breadcrumb","itemListElement":[{"@type":"ListItem","position":1,"name":"Home","item":"https:\/\/www.medialiteracyireland.ie\/"},{"@type":"ListItem","position":2,"name":"Maidir leis na Gradaim","item":"https:\/\/www.medialiteracyireland.ie\/awards\/"},{"@type":"ListItem","position":3,"name":"Private: Scaip an sc\u00e9al","item":"https:\/\/www.medialiteracyireland.ie\/?page_id=1809"},{"@type":"ListItem","position":4,"name":"Banners &#038; Badges"}]},{"@type":"WebSite","@id":"https:\/\/www.medialiteracyireland.ie\/#website","url":"https:\/\/www.medialiteracyireland.ie\/","name":"Media Literacy Ireland","description":"An informal alliance working together to promote media literacy in Ireland.","potentialAction":[{"@type":"SearchAction","target":{"@type":"EntryPoint","urlTemplate":"https:\/\/www.medialiteracyireland.ie\/?s={search_term_string}"},"query-input":{"@type":"PropertyValueSpecification","valueRequired":true,"valueName":"search_term_string"}}],"inLanguage":"ga-IE"}]}},"_links":{"self":[{"href":"https:\/\/www.medialiteracyireland.ie\/ga\/wp-json\/wp\/v2\/pages\/2433","targetHints":{"allow":["GET"]}}],"collection":[{"href":"https:\/\/www.medialiteracyireland.ie\/ga\/wp-json\/wp\/v2\/pages"}],"about":[{"href":"https:\/\/www.medialiteracyireland.ie\/ga\/wp-json\/wp\/v2\/types\/page"}],"author":[{"embeddable":true,"href":"https:\/\/www.medialiteracyireland.ie\/ga\/wp-json\/wp\/v2\/users\/5"}],"replies":[{"embeddable":true,"href":"https:\/\/www.medialiteracyireland.ie\/ga\/wp-json\/wp\/v2\/comments?post=2433"}],"version-history":[{"count":18,"href":"https:\/\/www.medialiteracyireland.ie\/ga\/wp-json\/wp\/v2\/pages\/2433\/revisions"}],"predecessor-version":[{"id":4523,"href":"https:\/\/www.medialiteracyireland.ie\/ga\/wp-json\/wp\/v2\/pages\/2433\/revisions\/4523"}],"up":[{"embeddable":true,"href":"https:\/\/www.medialiteracyireland.ie\/ga\/wp-json\/wp\/v2\/pages\/2029"}],"wp:attachment":[{"href":"https:\/\/www.medialiteracyireland.ie\/ga\/wp-json\/wp\/v2\/media?parent=2433"}],"curies":[{"name":"wp","href":"https:\/\/api.w.org\/{rel}","templated":true}]}}