{"id":1733,"date":"2022-10-10T13:36:55","date_gmt":"2022-10-10T12:36:55","guid":{"rendered":"https:\/\/www.medialiteracyireland.ie\/privacy-policy\/"},"modified":"2023-01-11T15:42:21","modified_gmt":"2023-01-11T15:42:21","slug":"privacy-policy","status":"publish","type":"page","link":"https:\/\/www.medialiteracyireland.ie\/ga\/privacy-policy\/","title":{"rendered":"Privacy Policy"},"content":{"rendered":"\r\n<!--#section-highlight\" -->\r\n<section class=\"section-highlight py-4 py-lg-5 mb-lg-4\">\r\n\t<div class=\"container px-0 px-lg-3\">\r\n\t\t<div class=\"row g-0\">\r\n\t\t\t<div class=\"col-12 col-lg-7 \">\r\n\t\t\t\t<div class=\"section-highlight-content bg-color-purple px-4 px-lg-5 py-4 py-lg-5\">\r\n\t\t\t\t\t<div class=\"px-lg-3 pt-lg-4\">\r\n\t\t\t\t\t\t<h1>Beartas Pr\u00edobh\u00e1ideachais<\/h1>\n<p>T\u00e1 Litearthacht sna Me\u00e1in, \u00c9ire \u00e9ascaithe ag \u00dadar\u00e1s Craolach\u00e1in na h\u00c9ireann (BAI) agus t\u00e1 faoi l\u00e1thair faoi r\u00e9ir Bheartas Pr\u00edobh\u00e1ideachais agus T\u00e9arma\u00ed agus Coinn\u00edollacha an BAI.<\/p>\n\t\t\t\t\t\t\r\n\t\t\t\t\t\t\t\t\t\t\t\t\t<a class=\"btn bg-color-white  wow fadeInUp\" href=\"https:\/\/www.bai.ie\/ga\/maidir-linne\/tearmai-coinniollacha\/\" target=\"_blank\">BAI &#8211; Beartas Pr\u00edobh\u00e1ideachais &amp; T\u00e9arma\u00ed agus Coinn\u00edollacha<\/a>\r\n\t\t\t\t\t\t\t\t\t\t\t<\/div>\r\n\t\t\t\t<\/div>\r\n\t\t\t<\/div>\r\n\t\t\t<div class=\"col-12 col-lg-2 \">\r\n\t\t\t\t<div class=\"h-100 bg-color-purple\">\r\n\t\t\t\t\t\r\n\t\t\t\t<\/div>\r\n\t\t\t<\/div>\r\n\t\t\t<div class=\"col-12 col-lg-3 \">\r\n\t\t\t\t<div class=\"section-highlight-img-container   position-relative h-100\">\r\n\t\t\t\t\t\r\n\t\t\t\t\t\r\n\t\t\t\t\t\t\t\t\t\t\r\n\t\t\t\t\t\r\n\t\t\t\t\t<div class=\"section-highlight-img-mobile-bg bg-color-purple d-block d-lg-none\"><\/div>\r\n\t\t\t\t<\/div>\r\n\t\t\t<\/div>\t\t\t\t\r\n\t\t<\/div>\r\n\t\t\r\n\t<\/div>\r\n<\/section>\r\n\n\n\n<p><\/p>\n","protected":false},"excerpt":{"rendered":"","protected":false},"author":1,"featured_media":0,"parent":0,"menu_order":100,"comment_status":"closed","ping_status":"closed","template":"","meta":{"_acf_changed":false,"footnotes":""},"class_list":["post-1733","page","type-page","status-publish","hentry"],"acf":[],"yoast_head":"<!-- This site is optimized with the Yoast SEO plugin v27.4 - https:\/\/yoast.com\/product\/yoast-seo-wordpress\/ -->\n<title>Privacy Policy - Media Literacy Ireland<\/title>\n<meta name=\"robots\" content=\"index, follow, max-snippet:-1, max-image-preview:large, max-video-preview:-1\" \/>\n<link rel=\"canonical\" href=\"https:\/\/www.medialiteracyireland.ie\/privacy-policy\/\" \/>\n<meta property=\"og:locale\" content=\"ga_IE\" \/>\n<meta property=\"og:type\" content=\"article\" \/>\n<meta property=\"og:title\" content=\"Privacy Policy - Media Literacy Ireland\" \/>\n<meta property=\"og:url\" content=\"https:\/\/www.medialiteracyireland.ie\/privacy-policy\/\" \/>\n<meta property=\"og:site_name\" content=\"Media Literacy Ireland\" \/>\n<meta property=\"article:modified_time\" content=\"2023-01-11T15:42:21+00:00\" \/>\n<meta name=\"twitter:card\" content=\"summary_large_image\" \/>\n<script type=\"application\/ld+json\" class=\"yoast-schema-graph\">{\"@context\":\"https:\\\/\\\/schema.org\",\"@graph\":[{\"@type\":\"WebPage\",\"@id\":\"https:\\\/\\\/www.medialiteracyireland.ie\\\/privacy-policy\\\/\",\"url\":\"https:\\\/\\\/www.medialiteracyireland.ie\\\/privacy-policy\\\/\",\"name\":\"Privacy Policy - Media Literacy Ireland\",\"isPartOf\":{\"@id\":\"https:\\\/\\\/www.medialiteracyireland.ie\\\/#website\"},\"datePublished\":\"2022-10-10T12:36:55+00:00\",\"dateModified\":\"2023-01-11T15:42:21+00:00\",\"breadcrumb\":{\"@id\":\"https:\\\/\\\/www.medialiteracyireland.ie\\\/privacy-policy\\\/#breadcrumb\"},\"inLanguage\":\"ga-IE\",\"potentialAction\":[{\"@type\":\"ReadAction\",\"target\":[\"https:\\\/\\\/www.medialiteracyireland.ie\\\/privacy-policy\\\/\"]}]},{\"@type\":\"BreadcrumbList\",\"@id\":\"https:\\\/\\\/www.medialiteracyireland.ie\\\/privacy-policy\\\/#breadcrumb\",\"itemListElement\":[{\"@type\":\"ListItem\",\"position\":1,\"name\":\"Home\",\"item\":\"https:\\\/\\\/www.medialiteracyireland.ie\\\/\"},{\"@type\":\"ListItem\",\"position\":2,\"name\":\"Privacy Policy\"}]},{\"@type\":\"WebSite\",\"@id\":\"https:\\\/\\\/www.medialiteracyireland.ie\\\/#website\",\"url\":\"https:\\\/\\\/www.medialiteracyireland.ie\\\/\",\"name\":\"Media Literacy Ireland\",\"description\":\"An informal alliance working together to promote media literacy in Ireland.\",\"potentialAction\":[{\"@type\":\"SearchAction\",\"target\":{\"@type\":\"EntryPoint\",\"urlTemplate\":\"https:\\\/\\\/www.medialiteracyireland.ie\\\/?s={search_term_string}\"},\"query-input\":{\"@type\":\"PropertyValueSpecification\",\"valueRequired\":true,\"valueName\":\"search_term_string\"}}],\"inLanguage\":\"ga-IE\"}]}<\/script>\n<!-- \/ Yoast SEO plugin. -->","yoast_head_json":{"title":"Privacy Policy - Media Literacy Ireland","robots":{"index":"index","follow":"follow","max-snippet":"max-snippet:-1","max-image-preview":"max-image-preview:large","max-video-preview":"max-video-preview:-1"},"canonical":"https:\/\/www.medialiteracyireland.ie\/privacy-policy\/","og_locale":"ga_IE","og_type":"article","og_title":"Privacy Policy - Media Literacy Ireland","og_url":"https:\/\/www.medialiteracyireland.ie\/privacy-policy\/","og_site_name":"Media Literacy Ireland","article_modified_time":"2023-01-11T15:42:21+00:00","twitter_card":"summary_large_image","schema":{"@context":"https:\/\/schema.org","@graph":[{"@type":"WebPage","@id":"https:\/\/www.medialiteracyireland.ie\/privacy-policy\/","url":"https:\/\/www.medialiteracyireland.ie\/privacy-policy\/","name":"Privacy Policy - Media Literacy Ireland","isPartOf":{"@id":"https:\/\/www.medialiteracyireland.ie\/#website"},"datePublished":"2022-10-10T12:36:55+00:00","dateModified":"2023-01-11T15:42:21+00:00","breadcrumb":{"@id":"https:\/\/www.medialiteracyireland.ie\/privacy-policy\/#breadcrumb"},"inLanguage":"ga-IE","potentialAction":[{"@type":"ReadAction","target":["https:\/\/www.medialiteracyireland.ie\/privacy-policy\/"]}]},{"@type":"BreadcrumbList","@id":"https:\/\/www.medialiteracyireland.ie\/privacy-policy\/#breadcrumb","itemListElement":[{"@type":"ListItem","position":1,"name":"Home","item":"https:\/\/www.medialiteracyireland.ie\/"},{"@type":"ListItem","position":2,"name":"Privacy Policy"}]},{"@type":"WebSite","@id":"https:\/\/www.medialiteracyireland.ie\/#website","url":"https:\/\/www.medialiteracyireland.ie\/","name":"Media Literacy Ireland","description":"An informal alliance working together to promote media literacy in Ireland.","potentialAction":[{"@type":"SearchAction","target":{"@type":"EntryPoint","urlTemplate":"https:\/\/www.medialiteracyireland.ie\/?s={search_term_string}"},"query-input":{"@type":"PropertyValueSpecification","valueRequired":true,"valueName":"search_term_string"}}],"inLanguage":"ga-IE"}]}},"_links":{"self":[{"href":"https:\/\/www.medialiteracyireland.ie\/ga\/wp-json\/wp\/v2\/pages\/1733","targetHints":{"allow":["GET"]}}],"collection":[{"href":"https:\/\/www.medialiteracyireland.ie\/ga\/wp-json\/wp\/v2\/pages"}],"about":[{"href":"https:\/\/www.medialiteracyireland.ie\/ga\/wp-json\/wp\/v2\/types\/page"}],"author":[{"embeddable":true,"href":"https:\/\/www.medialiteracyireland.ie\/ga\/wp-json\/wp\/v2\/users\/1"}],"replies":[{"embeddable":true,"href":"https:\/\/www.medialiteracyireland.ie\/ga\/wp-json\/wp\/v2\/comments?post=1733"}],"version-history":[{"count":4,"href":"https:\/\/www.medialiteracyireland.ie\/ga\/wp-json\/wp\/v2\/pages\/1733\/revisions"}],"predecessor-version":[{"id":2786,"href":"https:\/\/www.medialiteracyireland.ie\/ga\/wp-json\/wp\/v2\/pages\/1733\/revisions\/2786"}],"wp:attachment":[{"href":"https:\/\/www.medialiteracyireland.ie\/ga\/wp-json\/wp\/v2\/media?parent=1733"}],"curies":[{"name":"wp","href":"https:\/\/api.w.org\/{rel}","templated":true}]}}