{"id":1728,"date":"2022-11-14T10:11:48","date_gmt":"2022-11-14T10:11:48","guid":{"rendered":"https:\/\/www.medialiteracyireland.ie\/training-development\/"},"modified":"2025-08-20T17:10:49","modified_gmt":"2025-08-20T16:10:49","slug":"resources","status":"publish","type":"page","link":"https:\/\/www.medialiteracyireland.ie\/ga\/resources\/","title":{"rendered":"Resources"},"content":{"rendered":"\r\n<!--#section-highlight\" -->\r\n<section class=\"section-highlight py-4 py-lg-5 mb-lg-4\">\r\n\t<div class=\"container px-0 px-lg-3\">\r\n\t\t<div class=\"row g-0\">\r\n\t\t\t<div class=\"col-12 col-lg-7 \">\r\n\t\t\t\t<div class=\"section-highlight-content bg-color-green px-4 px-lg-5 py-4 py-lg-5\">\r\n\t\t\t\t\t<div class=\"px-lg-3 pt-lg-4\">\r\n\t\t\t\t\t\t<h1>Resources<\/h1>\n<p>Lorem ipsum dolor sit amet, consectetur adipiscing elit. Integer iaculis aliquet dui quis porttitor. Fusce fringilla maximus eros.<\/p>\n\t\t\t\t\t\t\r\n\t\t\t\t\t\t\t\t\t\t\t<\/div>\r\n\t\t\t\t<\/div>\r\n\t\t\t<\/div>\r\n\t\t\t<div class=\"col-12 col-lg-2 \">\r\n\t\t\t\t<div class=\"h-100 bg-color-green\">\r\n\t\t\t\t\t\r\n\t\t\t\t<\/div>\r\n\t\t\t<\/div>\r\n\t\t\t<div class=\"col-12 col-lg-3 \">\r\n\t\t\t\t<div class=\"section-highlight-img-container   position-relative h-100\">\r\n\t\t\t\t\t\r\n\t\t\t\t\t\r\n\t\t\t\t\t\t\t\t\t\t\t\t\r\n\t\t\t\t\t\t\t<img decoding=\"async\" class=\"section-highlight-img wow fadeInRight\" src=\"https:\/\/www.medialiteracyireland.ie\/wp-content\/uploads\/2022\/11\/Banner-graphic.png\" alt=\"\" \/>\r\n\t\t\t\t\t\r\n\t\t\t\t\t\t\t\t\t\t\r\n\t\t\t\t\t\r\n\t\t\t\t\t<div class=\"section-highlight-img-mobile-bg bg-color-green d-block d-lg-none\"><\/div>\r\n\t\t\t\t<\/div>\r\n\t\t\t<\/div>\t\t\t\t\r\n\t\t<\/div>\r\n\t\t\r\n\t<\/div>\r\n<\/section>\r\n\n\n\r\n<!--#section-card-boxes\" -->\r\n<section class=\"section-card-boxes  py-4 py-lg-5 mb-lg-4\">\r\n\t<div class=\"container\">\r\n\t\t<h2 class=\"mb-4 mb-lg-5\">Please tell us what you are looking for:<\/h2>\r\n\t\t\r\n\t\t<!-- Swiper -->\r\n\t\t<div class=\"swiper MySwiperTrainingAndDevelopment\">\r\n\t\t\t<div class=\"swiper-wrapper\">\r\n\t\t\t\r\n\t\t\t<!-- \r\n\t\t\t\tSwiper Style Manual \r\n\t\t\t-->\r\n\t\t\t\t\t\t\t\t\t\t\t\t\t\t\t\t\t\t\r\n\t\t\t\t\t\t<div class=\"swiper-slide\">\r\n\t\t\t\t\t\t\t<div class=\"card-box h-100 position-relative bg-color-green  \">\r\n\t\t\t\t\t\t\t\r\n\t\t\t\t\t\t\t\t\t\t\t\t\t\t\t\t<div class=\"p-3\">\r\n\t\t\t\t\t\t\t\t\r\n\t\t\t\t\t\t\t\t\t\t\t\t\t\t\t\t\t\t\r\n\t\t\t\t\t\t\t\t\t<h3 class=\"pe-4\">1. I am looking for teaching resources on media literacy<\/h3>\r\n\t\t\t\t\t\t\t\t\t<div class=\"mt-4\">\r\n\t\t\t\t\t\t\t\t\t\t<p class=\"mb-0\">\r\n\t\t\t\t\t\t\t\t\t\t\t\t\t\t\t\t\t\t\t\t\t<\/p>\r\n\t\t\t\t\t\t\t\t\t<\/div>\r\n\t\t\t\t\t\t\t\t<\/div>\r\n\t\t\t\t\t\t\t\t\r\n\t\t\t\t\t\t\t\t\t\t\t\t\t\t\t<\/div>\r\n\t\t\t\t\t\t<\/div>\t\t\t\t\t\t\r\n\t\t\t\t\t\t\r\n\t\t\t\t\t\t\t\t\t\t\t\r\n\t\t\t\t\t\t<div class=\"swiper-slide\">\r\n\t\t\t\t\t\t\t<div class=\"card-box h-100 position-relative bg-color-green  \">\r\n\t\t\t\t\t\t\t\r\n\t\t\t\t\t\t\t\t\t\t\t\t\t\t\t\t<div class=\"p-3\">\r\n\t\t\t\t\t\t\t\t\r\n\t\t\t\t\t\t\t\t\t\t\t\t\t\t\t\t\t\t\r\n\t\t\t\t\t\t\t\t\t<h3 class=\"pe-4\">2. I want to learn more about media literacy<\/h3>\r\n\t\t\t\t\t\t\t\t\t<div class=\"mt-4\">\r\n\t\t\t\t\t\t\t\t\t\t<p class=\"mb-0\">\r\n\t\t\t\t\t\t\t\t\t\t\t\t\t\t\t\t\t\t\t\t\t<\/p>\r\n\t\t\t\t\t\t\t\t\t<\/div>\r\n\t\t\t\t\t\t\t\t<\/div>\r\n\t\t\t\t\t\t\t\t\r\n\t\t\t\t\t\t\t\t\t\t\t\t\t\t\t<\/div>\r\n\t\t\t\t\t\t<\/div>\t\t\t\t\t\t\r\n\t\t\t\t\t\t\r\n\t\t\t\t\t\t\t\t\t\t\t\r\n\t\t\t\t\t\t<div class=\"swiper-slide\">\r\n\t\t\t\t\t\t\t<div class=\"card-box h-100 position-relative bg-color-green  \">\r\n\t\t\t\t\t\t\t\r\n\t\t\t\t\t\t\t\t\t\t\t\t\t\t\t\t<div class=\"p-3\">\r\n\t\t\t\t\t\t\t\t\r\n\t\t\t\t\t\t\t\t\t\t\t\t\t\t\t\t\t\t\r\n\t\t\t\t\t\t\t\t\t<h3 class=\"pe-4\">3. I want to find training courses on media literacy<\/h3>\r\n\t\t\t\t\t\t\t\t\t<div class=\"mt-4\">\r\n\t\t\t\t\t\t\t\t\t\t<p class=\"mb-0\">\r\n\t\t\t\t\t\t\t\t\t\t\t\t\t\t\t\t\t\t\t\t\t<\/p>\r\n\t\t\t\t\t\t\t\t\t<\/div>\r\n\t\t\t\t\t\t\t\t<\/div>\r\n\t\t\t\t\t\t\t\t\r\n\t\t\t\t\t\t\t\t\t\t\t\t\t\t\t<\/div>\r\n\t\t\t\t\t\t<\/div>\t\t\t\t\t\t\r\n\t\t\t\t\t\t\r\n\t\t\t\t\t\t\t\t\t\t\t\r\n\t\t\t\t\t\t<div class=\"swiper-slide\">\r\n\t\t\t\t\t\t\t<div class=\"card-box h-100 position-relative bg-color-green  \">\r\n\t\t\t\t\t\t\t\r\n\t\t\t\t\t\t\t\t\t\t\t\t\t\t\t\t<div class=\"p-3\">\r\n\t\t\t\t\t\t\t\t\r\n\t\t\t\t\t\t\t\t\t\t\t\t\t\t\t\t\t\t\r\n\t\t\t\t\t\t\t\t\t<h3 class=\"pe-4\">4. I am looking for information \/ stories related to media literacy<\/h3>\r\n\t\t\t\t\t\t\t\t\t<div class=\"mt-4\">\r\n\t\t\t\t\t\t\t\t\t\t<p class=\"mb-0\">\r\n\t\t\t\t\t\t\t\t\t\t\t\t\t\t\t\t\t\t\t\t\t<\/p>\r\n\t\t\t\t\t\t\t\t\t<\/div>\r\n\t\t\t\t\t\t\t\t<\/div>\r\n\t\t\t\t\t\t\t\t\r\n\t\t\t\t\t\t\t\t\t\t\t\t\t\t\t<\/div>\r\n\t\t\t\t\t\t<\/div>\t\t\t\t\t\t\r\n\t\t\t\t\t\t\r\n\t\t\t\t\t\t\t\t\t\t\t\t\t\r\n\t\t\t<!-- \r\n\t\t\t\tSwiper Style Automatic \r\n\t\t\t-->\r\n\t\t\t\t\t\t\r\n\t\t\t<\/div>\r\n\t\t\t<div class=\"swiper-button-next\"><\/div>\r\n\t\t<\/div>\r\n\t\t\t\t\r\n\t\t\r\n\t<\/div>\r\n<\/section>\r\n\r\n<script>\r\n\tvar swiper_unique_id = \"MySwiperTrainingAndDevelopment\";\r\n\tvar swiper = new Swiper(\".\"+swiper_unique_id , {\r\n\t\tslidesPerView: 4,\r\n\t\tspaceBetween: 30,\r\n\t\tnavigation: {\r\n\t\t\tnextEl: \".swiper-button-next\",\r\n\t\t},\r\n\t\tbreakpoints: {\r\n\t\t\t\"@0.00\": {\r\n\t\t\t\tslidesPerView: \"auto\",\r\n\t\t\t\tspaceBetween: 10,\r\n\t\t\t},\r\n\t\t\t\"@0.75\": {\r\n\t\t\t\tslidesPerView: 2,\r\n\t\t\t\tspaceBetween: 20,\r\n\t\t\t},\r\n\t\t\t\"@1.00\": {\r\n\t\t\t\tslidesPerView: 3,\r\n\t\t\t\tspaceBetween: 30,\r\n\t\t\t},\r\n\t\t\t\"@1.20\": {\r\n\t\t\t\tslidesPerView: 4,\r\n\t\t\t\tspaceBetween: 30,\r\n\t\t},\r\n\t},\r\n  });\r\n<\/script>\r\n\r\n\n\n\r\n<style>\r\n.gf-container input {\r\n    border: 0!important;\r\n    border-radius: 0!important;\r\n    font-size: 16px!important;\r\n    padding: 0.9rem!important;\r\n}\r\n<\/style>\r\n\r\n\r\n<!--#section-newsletter\" -->\r\n\r\n<section id=\"nuachtlitir\" class=\"section-newsletter py-4 py-lg-5 mb-lg-4\">\r\n\t<div class=\"container\">\r\n\t\t<div class=\"row g-0\">\r\n\t\t\t<div class=\"col-12\">\r\n\t\t\t\t<div class=\"section-highlight-content bg-color-purple px-4 px-lg-5 py-4 py-lg-5\">\r\n\t\t\t\t\t<div class=\"px-lg-3 text-center\">\r\n\t\t\t\t\t\t<h2>Fan suas chun d\u00e1ta<\/h2>\r\n\t\t\t\t\t\t<p class=\"my-4 subtitle\">B\u00ed linn tr\u00ed chl\u00e1r\u00fa d\u00e1r nuachtlitir inniu.<\/p>\r\n\t\t\t\t\t\t\r\n\t\t\t\t\t\t<!--\r\n\t\t\t\t\t\t<form class=\"w-100 d-flex flex-wrap align-item-center justify-content-lg-center\">\r\n\t\t\t\t\t\t\t<div class=\"form-floating mb-3 mx-2\">\r\n\t\t\t\t\t\t\t\t<input type=\"text\" class=\"form-control\" id=\"firstNameInput\" placeholder=\"First name\">\r\n\t\t\t\t\t\t\t\t<label for=\"firstNameInput\">C\u00e9adainm<\/label>\r\n\t\t\t\t\t\t\t<\/div>\r\n\t\t\t\t\t\t\t<div class=\"form-floating mb-3 mx-2\">\r\n\t\t\t\t\t\t\t\t<input type=\"text\" class=\"form-control\" id=\"lastNameInput\" placeholder=\"Last name\">\r\n\t\t\t\t\t\t\t\t<label for=\"lastNameInput\">Sloinne<\/label>\r\n\t\t\t\t\t\t\t<\/div>\r\n\t\t\t\t\t\t\t<div class=\"form-floating mb-3 mx-2\">\r\n\t\t\t\t\t\t\t\t<input type=\"email\" class=\"form-control\" id=\"emailInput\" placeholder=\"name@example.com\" style=\"min-width:300px;\">\r\n\t\t\t\t\t\t\t\t<label for=\"emailInput\">Seoladh R\u00edomhphoist<\/label>\r\n\t\t\t\t\t\t\t<\/div>\r\n\t\t\t\t\t\t\t\r\n\t\t\t\t\t\t\t<a href=\"\" class=\"btn bg-color-black color-white mb-3 mx-2\">Cl\u00e1raigh<\/a>\r\n\t\t\t\t\t\t\r\n\t\t\t\t\t\t<\/form>\r\n\t\t\t\t\t\t-->\r\n\t\t\t\t\t\t\r\n\t\t\t\t\t\t\r\n\t\t\t\t\t\t<div class=\"gf-container px-5\">\r\n\t\t\t\t\t\t\t<script type=\"text\/javascript\">\n\/* <![CDATA[ *\/\nvar gform;gform||(document.addEventListener(\"gform_main_scripts_loaded\",function(){gform.scriptsLoaded=!0}),document.addEventListener(\"gform\/theme\/scripts_loaded\",function(){gform.themeScriptsLoaded=!0}),window.addEventListener(\"DOMContentLoaded\",function(){gform.domLoaded=!0}),gform={domLoaded:!1,scriptsLoaded:!1,themeScriptsLoaded:!1,isFormEditor:()=>\"function\"==typeof InitializeEditor,callIfLoaded:function(o){return!(!gform.domLoaded||!gform.scriptsLoaded||!gform.themeScriptsLoaded&&!gform.isFormEditor()||(gform.isFormEditor()&&console.warn(\"The use of gform.initializeOnLoaded() is deprecated in the form editor context and will be removed in Gravity Forms 3.1.\"),o(),0))},initializeOnLoaded:function(o){gform.callIfLoaded(o)||(document.addEventListener(\"gform_main_scripts_loaded\",()=>{gform.scriptsLoaded=!0,gform.callIfLoaded(o)}),document.addEventListener(\"gform\/theme\/scripts_loaded\",()=>{gform.themeScriptsLoaded=!0,gform.callIfLoaded(o)}),window.addEventListener(\"DOMContentLoaded\",()=>{gform.domLoaded=!0,gform.callIfLoaded(o)}))},hooks:{action:{},filter:{}},addAction:function(o,r,e,t){gform.addHook(\"action\",o,r,e,t)},addFilter:function(o,r,e,t){gform.addHook(\"filter\",o,r,e,t)},doAction:function(o){gform.doHook(\"action\",o,arguments)},applyFilters:function(o){return gform.doHook(\"filter\",o,arguments)},removeAction:function(o,r){gform.removeHook(\"action\",o,r)},removeFilter:function(o,r,e){gform.removeHook(\"filter\",o,r,e)},addHook:function(o,r,e,t,n){null==gform.hooks[o][r]&&(gform.hooks[o][r]=[]);var d=gform.hooks[o][r];null==n&&(n=r+\"_\"+d.length),gform.hooks[o][r].push({tag:n,callable:e,priority:t=null==t?10:t})},doHook:function(r,o,e){var t;if(e=Array.prototype.slice.call(e,1),null!=gform.hooks[r][o]&&((o=gform.hooks[r][o]).sort(function(o,r){return o.priority-r.priority}),o.forEach(function(o){\"function\"!=typeof(t=o.callable)&&(t=window[t]),\"action\"==r?t.apply(null,e):e[0]=t.apply(null,e)})),\"filter\"==r)return e[0]},removeHook:function(o,r,t,n){var e;null!=gform.hooks[o][r]&&(e=(e=gform.hooks[o][r]).filter(function(o,r,e){return!!(null!=n&&n!=o.tag||null!=t&&t!=o.priority)}),gform.hooks[o][r]=e)}});\n\/* ]]> *\/\n<\/script>\n\n                <div class='gf_browser_gecko gform_wrapper gravity-theme gform-theme--no-framework' data-form-theme='gravity-theme' data-form-index='0' id='gform_wrapper_8' ><div id='gf_8' class='gform_anchor' tabindex='-1'><\/div><form method='post' enctype='multipart\/form-data' target='gform_ajax_frame_8' id='gform_8'  action='\/ga\/wp-json\/wp\/v2\/pages\/1728#gf_8' data-formid='8' novalidate>\n                        <div class='gform-body gform_body'><div id='gform_fields_8' class='gform_fields top_label form_sublabel_below description_below validation_below'><fieldset id=\"field_8_1\" class=\"gfield gfield--type-name gfield--width-half gfield_contains_required field_sublabel_below gfield--no-description field_description_below field_validation_below gfield_visibility_visible\"  ><legend class='gfield_label gform-field-label gfield_label_before_complex' >Name<span class=\"gfield_required\"><span class=\"gfield_required gfield_required_text\">(Required)<\/span><\/span><\/legend><div class='ginput_complex ginput_container ginput_container--name no_prefix has_first_name no_middle_name has_last_name no_suffix gf_name_has_2 ginput_container_name gform-grid-row' id='input_8_1'>\n                            \n                            <span id='input_8_1_3_container' class='name_first gform-grid-col gform-grid-col--size-auto' >\n                                                    <input type='text' name='input_1.3' id='input_8_1_3' value=''   aria-required='true'     \/>\n                                                    <label for='input_8_1_3' class='gform-field-label gform-field-label--type-sub '>First<\/label>\n                                                <\/span>\n                            \n                            <span id='input_8_1_6_container' class='name_last gform-grid-col gform-grid-col--size-auto' >\n                                                    <input type='text' name='input_1.6' id='input_8_1_6' value=''   aria-required='true'     \/>\n                                                    <label for='input_8_1_6' class='gform-field-label gform-field-label--type-sub '>Last<\/label>\n                                                <\/span>\n                            \n                        <\/div><\/fieldset><div id=\"field_8_3\" class=\"gfield gfield--type-email gfield--width-half gfield_contains_required field_sublabel_below gfield--no-description field_description_below field_validation_below gfield_visibility_visible\"  ><label class='gfield_label gform-field-label' for='input_8_3'>Email<span class=\"gfield_required\"><span class=\"gfield_required gfield_required_text\">(Required)<\/span><\/span><\/label><div class='ginput_container ginput_container_email'>\n                            <input name='input_3' id='input_8_3' type='email' value='' class='large'    aria-required=\"true\" aria-invalid=\"false\"  \/>\n                        <\/div><\/div><\/div><\/div>\n        <div class='gform-footer gform_footer top_label'> <input type='submit' id='gform_submit_button_8' class='gform_button button' onclick='gform.submission.handleButtonClick(this);' data-submission-type='submit' value='Sign up'  \/> <input type='hidden' name='gform_ajax' value='form_id=8&amp;title=&amp;description=&amp;tabindex=0&amp;theme=gravity-theme&amp;styles=[]&amp;hash=57a01fb0d205e8bd829e58e529e8ac0a' \/>\n            <input type='hidden' class='gform_hidden' name='gform_submission_method' data-js='gform_submission_method_8' value='iframe' \/>\n            <input type='hidden' class='gform_hidden' name='gform_theme' data-js='gform_theme_8' id='gform_theme_8' value='gravity-theme' \/>\n            <input type='hidden' class='gform_hidden' name='gform_style_settings' data-js='gform_style_settings_8' id='gform_style_settings_8' value='[]' \/>\n            <input type='hidden' class='gform_hidden' name='is_submit_8' value='1' \/>\n            <input type='hidden' class='gform_hidden' name='gform_submit' value='8' \/>\n            \n            <input type='hidden' class='gform_hidden' name='gform_currency' data-currency='EUR' value='vJXILM\/WUl\/+rCYLHitG1Fhmy5znP7\/QL7roKbiNeYCPtEf45Bm3TT5Ei0mKj5LXYd2GPELTUK1Oj4p699lviiB58f20iojFVpplAcpkR+ZnwiA=' \/>\n            <input type='hidden' class='gform_hidden' name='gform_unique_id' value='' \/>\n            <input type='hidden' class='gform_hidden' name='state_8' value='WyJbXSIsImRmMDUzN2QwYzlkNzk3OWZiZjhiZTZkODExZDI2ZDk4Il0=' \/>\n            <input type='hidden' autocomplete='off' class='gform_hidden' name='gform_target_page_number_8' id='gform_target_page_number_8' value='0' \/>\n            <input type='hidden' autocomplete='off' class='gform_hidden' name='gform_source_page_number_8' id='gform_source_page_number_8' value='1' \/>\n            <input type='hidden' name='gform_field_values' value='' \/>\n            \n        <\/div>\n                        <\/form>\n                        <\/div>\n\t\t                <iframe style='display:none;width:0px;height:0px;' src='about:blank' name='gform_ajax_frame_8' id='gform_ajax_frame_8' title='This iframe contains the logic required to handle Ajax powered Gravity Forms.'><\/iframe>\n\t\t                <script type=\"text\/javascript\">\n\/* <![CDATA[ *\/\n gform.initializeOnLoaded( function() {gformInitSpinner( 8, 'https:\/\/www.medialiteracyireland.ie\/wp-content\/plugins\/gravityforms\/images\/spinner.svg', true );jQuery('#gform_ajax_frame_8').on('load',function(){var contents = jQuery(this).contents().find('*').html();var is_postback = contents.indexOf('GF_AJAX_POSTBACK') >= 0;if(!is_postback){return;}var form_content = jQuery(this).contents().find('#gform_wrapper_8');var is_confirmation = jQuery(this).contents().find('#gform_confirmation_wrapper_8').length > 0;var is_redirect = contents.indexOf('gformRedirect(){') >= 0;var is_form = form_content.length > 0 && ! is_redirect && ! is_confirmation;var mt = parseInt(jQuery('html').css('margin-top'), 10) + parseInt(jQuery('body').css('margin-top'), 10) + 100;if(is_form){jQuery('#gform_wrapper_8').html(form_content.html());if(form_content.hasClass('gform_validation_error')){jQuery('#gform_wrapper_8').addClass('gform_validation_error');} else {jQuery('#gform_wrapper_8').removeClass('gform_validation_error');}setTimeout( function() { \/* delay the scroll by 50 milliseconds to fix a bug in chrome *\/ jQuery(document).scrollTop(jQuery('#gform_wrapper_8').offset().top - mt); }, 50 );if(window['gformInitDatepicker']) {gformInitDatepicker();}if(window['gformInitPriceFields']) {gformInitPriceFields();}var current_page = jQuery('#gform_source_page_number_8').val();gformInitSpinner( 8, 'https:\/\/www.medialiteracyireland.ie\/wp-content\/plugins\/gravityforms\/images\/spinner.svg', true );jQuery(document).trigger('gform_page_loaded', [8, current_page]);window['gf_submitting_8'] = false;}else if(!is_redirect){var confirmation_content = jQuery(this).contents().find('.GF_AJAX_POSTBACK').html();if(!confirmation_content){confirmation_content = contents;}jQuery('#gform_wrapper_8').replaceWith(confirmation_content);jQuery(document).scrollTop(jQuery('#gf_8').offset().top - mt);jQuery(document).trigger('gform_confirmation_loaded', [8]);window['gf_submitting_8'] = false;wp.a11y.speak(jQuery('#gform_confirmation_message_8').text());}else{jQuery('#gform_8').append(contents);if(window['gformRedirect']) {gformRedirect();}}jQuery(document).trigger(\"gform_pre_post_render\", [{ formId: \"8\", currentPage: \"current_page\", abort: function() { this.preventDefault(); } }]);        if (event && event.defaultPrevented) {                return;        }        const gformWrapperDiv = document.getElementById( \"gform_wrapper_8\" );        if ( gformWrapperDiv ) {            const visibilitySpan = document.createElement( \"span\" );            visibilitySpan.id = \"gform_visibility_test_8\";            gformWrapperDiv.insertAdjacentElement( \"afterend\", visibilitySpan );        }        const visibilityTestDiv = document.getElementById( \"gform_visibility_test_8\" );        let postRenderFired = false;        function triggerPostRender() {            if ( postRenderFired ) {                return;            }            postRenderFired = true;            gform.core.triggerPostRenderEvents( 8, current_page );            if ( visibilityTestDiv ) {                visibilityTestDiv.parentNode.removeChild( visibilityTestDiv );            }        }        function debounce( func, wait, immediate ) {            var timeout;            return function() {                var context = this, args = arguments;                var later = function() {                    timeout = null;                    if ( !immediate ) func.apply( context, args );                };                var callNow = immediate && !timeout;                clearTimeout( timeout );                timeout = setTimeout( later, wait );                if ( callNow ) func.apply( context, args );            };        }        const debouncedTriggerPostRender = debounce( function() {            triggerPostRender();        }, 200 );        if ( visibilityTestDiv && visibilityTestDiv.offsetParent === null ) {            const observer = new MutationObserver( ( mutations ) => {                mutations.forEach( ( mutation ) => {                    if ( mutation.type === 'attributes' && visibilityTestDiv.offsetParent !== null ) {                        debouncedTriggerPostRender();                        observer.disconnect();                    }                });            });            observer.observe( document.body, {                attributes: true,                childList: false,                subtree: true,                attributeFilter: [ 'style', 'class' ],            });        } else {            triggerPostRender();        }    } );} ); \n\/* ]]> *\/\n<\/script>\n\t\t\t\t\t\t<\/div>\r\n\t\t\t\t\t\t\r\n\t\t\t\t\t\t<p class=\"mt-4 mb-0\">F\u00e9ach ar \u00e1r <a href=\"\/ga\/privacy-policy\/\">bpolasa\u00ed pr\u00edobh\u00e1ideachais<\/a> leis an gcaoi a n-\u00fas\u00e1idfimid do chuid faisn\u00e9ise agus conas a choime\u00e1dfaimid do chuid faisn\u00e9ise  s\u00e1bh\u00e1ilte.<\/p>\r\n\t\t\t\t\t\t\r\n\t\t\t\t\t<\/div>\r\n\t\t\t\t<\/div>\r\n\t\t\t<\/div>\t\t\t\r\n\t\t<\/div>\t\t\t\r\n\t<\/div>\r\n<\/section>\r\n\r\n","protected":false},"excerpt":{"rendered":"","protected":false},"author":3,"featured_media":0,"parent":0,"menu_order":5,"comment_status":"closed","ping_status":"closed","template":"views\/template-training-development.blade.php","meta":{"_acf_changed":false,"footnotes":""},"class_list":["post-1728","page","type-page","status-publish","hentry"],"acf":[],"yoast_head":"<!-- This site is optimized with the Yoast SEO plugin v27.3 - https:\/\/yoast.com\/product\/yoast-seo-wordpress\/ -->\n<title>Resources - Media Literacy Ireland<\/title>\n<meta name=\"robots\" content=\"index, follow, max-snippet:-1, max-image-preview:large, max-video-preview:-1\" \/>\n<link rel=\"canonical\" href=\"https:\/\/www.medialiteracyireland.ie\/ga\/resources\/\" \/>\n<meta property=\"og:locale\" content=\"ga_IE\" \/>\n<meta property=\"og:type\" content=\"article\" \/>\n<meta property=\"og:title\" content=\"Resources - Media Literacy Ireland\" \/>\n<meta property=\"og:url\" content=\"https:\/\/www.medialiteracyireland.ie\/ga\/resources\/\" \/>\n<meta property=\"og:site_name\" content=\"Media Literacy Ireland\" \/>\n<meta property=\"article:modified_time\" content=\"2025-08-20T16:10:49+00:00\" \/>\n<meta name=\"twitter:card\" content=\"summary_large_image\" \/>\n<script type=\"application\/ld+json\" class=\"yoast-schema-graph\">{\"@context\":\"https:\\\/\\\/schema.org\",\"@graph\":[{\"@type\":\"WebPage\",\"@id\":\"https:\\\/\\\/www.medialiteracyireland.ie\\\/ga\\\/resources\\\/\",\"url\":\"https:\\\/\\\/www.medialiteracyireland.ie\\\/ga\\\/resources\\\/\",\"name\":\"Resources - Media Literacy Ireland\",\"isPartOf\":{\"@id\":\"https:\\\/\\\/www.medialiteracyireland.ie\\\/#website\"},\"datePublished\":\"2022-11-14T10:11:48+00:00\",\"dateModified\":\"2025-08-20T16:10:49+00:00\",\"breadcrumb\":{\"@id\":\"https:\\\/\\\/www.medialiteracyireland.ie\\\/ga\\\/resources\\\/#breadcrumb\"},\"inLanguage\":\"ga-IE\",\"potentialAction\":[{\"@type\":\"ReadAction\",\"target\":[\"https:\\\/\\\/www.medialiteracyireland.ie\\\/ga\\\/resources\\\/\"]}]},{\"@type\":\"BreadcrumbList\",\"@id\":\"https:\\\/\\\/www.medialiteracyireland.ie\\\/ga\\\/resources\\\/#breadcrumb\",\"itemListElement\":[{\"@type\":\"ListItem\",\"position\":1,\"name\":\"Home\",\"item\":\"https:\\\/\\\/www.medialiteracyireland.ie\\\/\"},{\"@type\":\"ListItem\",\"position\":2,\"name\":\"Resources\"}]},{\"@type\":\"WebSite\",\"@id\":\"https:\\\/\\\/www.medialiteracyireland.ie\\\/#website\",\"url\":\"https:\\\/\\\/www.medialiteracyireland.ie\\\/\",\"name\":\"Media Literacy Ireland\",\"description\":\"An informal alliance working together to promote media literacy in Ireland.\",\"potentialAction\":[{\"@type\":\"SearchAction\",\"target\":{\"@type\":\"EntryPoint\",\"urlTemplate\":\"https:\\\/\\\/www.medialiteracyireland.ie\\\/?s={search_term_string}\"},\"query-input\":{\"@type\":\"PropertyValueSpecification\",\"valueRequired\":true,\"valueName\":\"search_term_string\"}}],\"inLanguage\":\"ga-IE\"}]}<\/script>\n<!-- \/ Yoast SEO plugin. -->","yoast_head_json":{"title":"Resources - Media Literacy Ireland","robots":{"index":"index","follow":"follow","max-snippet":"max-snippet:-1","max-image-preview":"max-image-preview:large","max-video-preview":"max-video-preview:-1"},"canonical":"https:\/\/www.medialiteracyireland.ie\/ga\/resources\/","og_locale":"ga_IE","og_type":"article","og_title":"Resources - Media Literacy Ireland","og_url":"https:\/\/www.medialiteracyireland.ie\/ga\/resources\/","og_site_name":"Media Literacy Ireland","article_modified_time":"2025-08-20T16:10:49+00:00","twitter_card":"summary_large_image","schema":{"@context":"https:\/\/schema.org","@graph":[{"@type":"WebPage","@id":"https:\/\/www.medialiteracyireland.ie\/ga\/resources\/","url":"https:\/\/www.medialiteracyireland.ie\/ga\/resources\/","name":"Resources - Media Literacy Ireland","isPartOf":{"@id":"https:\/\/www.medialiteracyireland.ie\/#website"},"datePublished":"2022-11-14T10:11:48+00:00","dateModified":"2025-08-20T16:10:49+00:00","breadcrumb":{"@id":"https:\/\/www.medialiteracyireland.ie\/ga\/resources\/#breadcrumb"},"inLanguage":"ga-IE","potentialAction":[{"@type":"ReadAction","target":["https:\/\/www.medialiteracyireland.ie\/ga\/resources\/"]}]},{"@type":"BreadcrumbList","@id":"https:\/\/www.medialiteracyireland.ie\/ga\/resources\/#breadcrumb","itemListElement":[{"@type":"ListItem","position":1,"name":"Home","item":"https:\/\/www.medialiteracyireland.ie\/"},{"@type":"ListItem","position":2,"name":"Resources"}]},{"@type":"WebSite","@id":"https:\/\/www.medialiteracyireland.ie\/#website","url":"https:\/\/www.medialiteracyireland.ie\/","name":"Media Literacy Ireland","description":"An informal alliance working together to promote media literacy in Ireland.","potentialAction":[{"@type":"SearchAction","target":{"@type":"EntryPoint","urlTemplate":"https:\/\/www.medialiteracyireland.ie\/?s={search_term_string}"},"query-input":{"@type":"PropertyValueSpecification","valueRequired":true,"valueName":"search_term_string"}}],"inLanguage":"ga-IE"}]}},"_links":{"self":[{"href":"https:\/\/www.medialiteracyireland.ie\/ga\/wp-json\/wp\/v2\/pages\/1728","targetHints":{"allow":["GET"]}}],"collection":[{"href":"https:\/\/www.medialiteracyireland.ie\/ga\/wp-json\/wp\/v2\/pages"}],"about":[{"href":"https:\/\/www.medialiteracyireland.ie\/ga\/wp-json\/wp\/v2\/types\/page"}],"author":[{"embeddable":true,"href":"https:\/\/www.medialiteracyireland.ie\/ga\/wp-json\/wp\/v2\/users\/3"}],"replies":[{"embeddable":true,"href":"https:\/\/www.medialiteracyireland.ie\/ga\/wp-json\/wp\/v2\/comments?post=1728"}],"version-history":[{"count":4,"href":"https:\/\/www.medialiteracyireland.ie\/ga\/wp-json\/wp\/v2\/pages\/1728\/revisions"}],"predecessor-version":[{"id":5367,"href":"https:\/\/www.medialiteracyireland.ie\/ga\/wp-json\/wp\/v2\/pages\/1728\/revisions\/5367"}],"wp:attachment":[{"href":"https:\/\/www.medialiteracyireland.ie\/ga\/wp-json\/wp\/v2\/media?parent=1728"}],"curies":[{"name":"wp","href":"https:\/\/api.w.org\/{rel}","templated":true}]}}