{"id":1726,"date":"2022-11-18T16:08:56","date_gmt":"2022-11-18T16:08:56","guid":{"rendered":"https:\/\/www.medialiteracyireland.ie\/awards\/"},"modified":"2024-09-10T11:26:53","modified_gmt":"2024-09-10T10:26:53","slug":"awards","status":"publish","type":"page","link":"https:\/\/www.medialiteracyireland.ie\/ga\/awards\/","title":{"rendered":"Maidir leis na Gradaim"},"content":{"rendered":"\r\n<!--#section-highlight\" -->\r\n<section class=\"section-highlight py-4 py-lg-5 mb-lg-4\">\r\n\t<div class=\"container px-0 px-lg-3\">\r\n\t\t<div class=\"row g-0\">\r\n\t\t\t<div class=\"col-12 col-lg-7 \">\r\n\t\t\t\t<div class=\"section-highlight-content bg-color-purple px-4 px-lg-5 py-4 py-lg-5\">\r\n\t\t\t\t\t<div class=\"px-lg-3 pt-lg-4\">\r\n\t\t\t\t\t\t<h1>Maidir leis na Gradaim<\/h1>\n<p><span style=\"font-weight: 400;\">Is \u00e9 at\u00e1 d&#8217;aidhm le cl\u00e1r na nGradam LM\u00c9, a eagra\u00edtear le taca\u00edocht \u00f3 Choimisi\u00fan na Me\u00e1n, aitheantas a thabhairt don obair at\u00e1 ar si\u00fal chun cuidi\u00fa le saor\u00e1naigh, go h\u00e1irithe i measc an phobail, scileanna litearthachta maidir leis na me\u00e1in chumars\u00e1ide a fhorbairt a chuirfidh ar a gcumas an leas is fearr a bhaint as na me\u00e1in chumars\u00e1ide.<\/span><\/p>\n<p><span style=\"font-weight: 400;\">T\u00e1thar ag tn\u00fath leis an nu\u00e1la\u00edocht, an comhar agus meas\u00fanacht a chur chun cinn sa tionscadail, tr\u00ed chur leis an aird ar r\u00e9imse leathan na dtionscnamh ar mhaithe le litearthacht sna me\u00e1in chumars\u00e1ide at\u00e1 \u00e1 gcur i gcr\u00edch ar fud na h\u00c9ireann.<\/span><\/p>\n<p><span style=\"font-weight: 400;\">Cuirtear f\u00e1ilte roimh iarratais as gach \u00e1it ar fud oile\u00e1n na h\u00c9ireann \u2013 maidir le tionscadail, acmhainn\u00ed, oili\u00faint, taighde n\u00f3 feachtais. Is mian linn eagra\u00edochta\u00ed m\u00f3ra agus eagra\u00edochta\u00ed beaga a spreagadh le hiarratas a chur isteach \u2013 scoileanna, leabharlanna n\u00f3 gr\u00fapa\u00ed pobail, ard\u00e1in ar l\u00edne, craolt\u00f3ir\u00ed, lucht tr\u00e1chtaireachta agus lucht tionchaireachta\u2026 agus gach cine\u00e1l eile eagrais.<\/span><\/p>\n<div style=\"width: 1280px;\" class=\"wp-video\"><video class=\"wp-video-shortcode\" id=\"video-1726-1\" width=\"1280\" height=\"720\" preload=\"metadata\" controls=\"controls\"><source type=\"video\/mp4\" src=\"https:\/\/www.medialiteracyireland.ie\/wp-content\/uploads\/2024\/09\/amended_irish_web_version-720p.mp4?_=1\" \/><a href=\"https:\/\/www.medialiteracyireland.ie\/wp-content\/uploads\/2024\/09\/amended_irish_web_version-720p.mp4\">https:\/\/www.medialiteracyireland.ie\/wp-content\/uploads\/2024\/09\/amended_irish_web_version-720p.mp4<\/a><\/video><\/div>\n<p><strong>Catag\u00f3ir\u00ed\u00a0<\/strong><\/p>\n<ul>\n<li><span style=\"font-weight: 400;\"><strong><a href=\"https:\/\/www.medialiteracyireland.ie\/awards\/apply\/mli-awards-2024\/\">An Tionscnamh Litearthachta Me\u00e1n is Fearr a dh\u00edr\u00edonn ar dhaoine \u00f3ga<\/a><\/strong> &#8211; tionscnamh ar bith (lena n-\u00e1ir\u00edtear tionscadal, acmhainn, oili\u00faint, taighde n\u00f3 feachtas) a chuidigh lena chur ar chumas leana\u00ed agus daoine \u00f3ga faoi 18 bliana d\u2019aois at\u00e1 ina gc\u00f3na\u00ed ar oile\u00e1n na h\u00c9ireann, scileanna, eolas agus\/n\u00f3 inni\u00falacht a ghn\u00f3th\u00fa a ligeann d\u00f3ibh rogha stuama a dh\u00e9anamh maidir leis an \u00e1bhar agus na seirbh\u00eds\u00ed me\u00e1n cumars\u00e1ide a thapa\u00edonn siad, a chrutha\u00edonn siad agus a roinneann siad.<\/span><\/li>\n<p><div style=\"width: 1280px;\" class=\"wp-video\"><video class=\"wp-video-shortcode\" id=\"video-1726-2\" width=\"1280\" height=\"720\" preload=\"metadata\" controls=\"controls\"><source type=\"video\/mp4\" src=\"https:\/\/www.medialiteracyireland.ie\/wp-content\/uploads\/2024\/09\/irish-category-1-720p.mp4?_=2\" \/><a href=\"https:\/\/www.medialiteracyireland.ie\/wp-content\/uploads\/2024\/09\/irish-category-1-720p.mp4\">https:\/\/www.medialiteracyireland.ie\/wp-content\/uploads\/2024\/09\/irish-category-1-720p.mp4<\/a><\/video><\/div>\n<\/ul>\n<ul>\n<li><span style=\"font-weight: 400;\"><strong><a href=\"https:\/\/www.medialiteracyireland.ie\/awards\/apply\/mli-awards-2024\/\">An Tionscnamh Litearthachta Me\u00e1n is Fearr a dh\u00edr\u00edonn ar dhaoine scothaosta<\/a><\/strong> &#8211;\u00a0 tionscnamh ar bith (lena n-\u00e1ir\u00edtear tionscadal, acmhainn, oili\u00faint, taighde n\u00f3 feachtas) a chuidigh lena chur ar chumas daoine scothaosta 65 bliana d\u2019aois n\u00f3 n\u00edos sine at\u00e1 ina gc\u00f3na\u00ed ar oile\u00e1n na h\u00c9ireann, scileanna, eolas agus\/n\u00f3 inni\u00falacht a ghn\u00f3th\u00fa a ligeann d\u00f3ibh rogha stuama a dh\u00e9anamh maidir leis an \u00e1bhar agus na seirbh\u00eds\u00ed me\u00e1n cumars\u00e1ide a thapa\u00edonn siad, a chrutha\u00edonn siad agus a roinneann siad.<\/span><\/li>\n<p><div style=\"width: 1280px;\" class=\"wp-video\"><video class=\"wp-video-shortcode\" id=\"video-1726-3\" width=\"1280\" height=\"720\" preload=\"metadata\" controls=\"controls\"><source type=\"video\/mp4\" src=\"https:\/\/www.medialiteracyireland.ie\/wp-content\/uploads\/2024\/09\/irish-category-2-720p.mp4?_=3\" \/><a href=\"https:\/\/www.medialiteracyireland.ie\/wp-content\/uploads\/2024\/09\/irish-category-2-720p.mp4\">https:\/\/www.medialiteracyireland.ie\/wp-content\/uploads\/2024\/09\/irish-category-2-720p.mp4<\/a><\/video><\/div>\n<\/ul>\n<ul>\n<li><span style=\"font-weight: 400;\"><strong><a href=\"https:\/\/www.medialiteracyireland.ie\/awards\/apply\/mli-awards-2024\/\">An Tionscnamh Litearthachta Me\u00e1n Pobalbhunaithe is Fearr<\/a><\/strong> \u2013 tionscnamh ar bith (lena n-\u00e1ir\u00edtear tionscadal, acmhainn, oili\u00faint, taighde n\u00f3 feachtas) a chuidigh lena chur ar chumas daoine a bhaineann le dream faoi leith den phobal (\u00f3 thaobh c\u00farsa\u00ed t\u00edreola\u00edochta n\u00f3 saintr\u00e9ithe eile) at\u00e1 ina gc\u00f3na\u00ed ar oile\u00e1n na h\u00c9ireann, scileanna, eolas agus\/n\u00f3 inni\u00falacht a ghn\u00f3th\u00fa a ligeann d\u00f3ibh rogha stuama a dh\u00e9anamh maidir leis an \u00e1bhar agus na seirbh\u00eds\u00ed me\u00e1n cumars\u00e1ide a thapa\u00edonn siad, a chrutha\u00edonn siad agus a roinneann siad.<\/span><\/li>\n<p><div style=\"width: 1280px;\" class=\"wp-video\"><video class=\"wp-video-shortcode\" id=\"video-1726-4\" width=\"1280\" height=\"720\" preload=\"metadata\" controls=\"controls\"><source type=\"video\/mp4\" src=\"https:\/\/www.medialiteracyireland.ie\/wp-content\/uploads\/2024\/09\/irish-category-3-720p.mp4?_=4\" \/><a href=\"https:\/\/www.medialiteracyireland.ie\/wp-content\/uploads\/2024\/09\/irish-category-3-720p.mp4\">https:\/\/www.medialiteracyireland.ie\/wp-content\/uploads\/2024\/09\/irish-category-3-720p.mp4<\/a><\/video><\/div>\n<\/ul>\n<ul>\n<li><span style=\"font-weight: 400;\"><strong><a href=\"https:\/\/www.medialiteracyireland.ie\/awards\/apply\/mli-awards-2024\/\">An Tionscnamh Litearthachta Me\u00e1n Ginear\u00e1lta is Fearr<\/a><\/strong> &#8211; tionscnamh ar bith (lena n-\u00e1ir\u00edtear tionscadal, acmhainn, oili\u00faint, taighde n\u00f3 feachtas) a chuidigh (go d\u00edreach n\u00f3 go hind\u00edreach) lena chur ar chumas daoine at\u00e1 ina gc\u00f3na\u00ed ar oile\u00e1n na h\u00c9ireann scileanna, eolas agus\/n\u00f3 inni\u00falacht a ghn\u00f3th\u00fa a ligeann d\u00f3ibh rogha stuama a dh\u00e9anamh maidir leis an \u00e1bhar agus na seirbh\u00eds\u00ed me\u00e1n cumars\u00e1ide a thapa\u00edonn siad, a chrutha\u00edonn siad agus a roinneann siad. N\u00edl srian leis an modh inar f\u00e9idir tionscadal n\u00f3 tionscnamh a chur i bhfeidhm, Oili\u00faint, Taighde, Cl\u00e1r Caidrimh, Tionscadal, Acmhainn\u00ed, Abhc\u00f3id\u00edocht, Craobhch\u00f3ras Caidrimh a Chruth\u00fa, Cist\u00edocht n\u00f3 eile.<\/span><\/li>\n<p><div style=\"width: 1280px;\" class=\"wp-video\"><video class=\"wp-video-shortcode\" id=\"video-1726-5\" width=\"1280\" height=\"720\" preload=\"metadata\" controls=\"controls\"><source type=\"video\/mp4\" src=\"https:\/\/www.medialiteracyireland.ie\/wp-content\/uploads\/2024\/09\/irish-category-4-720p.mp4?_=5\" \/><a href=\"https:\/\/www.medialiteracyireland.ie\/wp-content\/uploads\/2024\/09\/irish-category-4-720p.mp4\">https:\/\/www.medialiteracyireland.ie\/wp-content\/uploads\/2024\/09\/irish-category-4-720p.mp4<\/a><\/video><\/div>\n<\/ul>\n<ul>\n<li><span style=\"font-weight: 400;\"><strong><a href=\"https:\/\/www.medialiteracyireland.ie\/awards\/apply\/mli-awards-2024\/\">An Tionscnamh Litearthachta Me\u00e1n Chumars\u00e1ide is Fearr faoi Sti\u00fair na Me\u00e1n <\/a><\/strong>&#8211; eagra\u00edocht me\u00e1n cumars\u00e1ide, saothra\u00ed gairmi\u00fail sna me\u00e1in chumars\u00e1ide n\u00f3 comhph\u00e1irt\u00edocht me\u00e1n cumars\u00e1ide a shaothraigh go seasta lean\u00fanach ag treisi\u00fa le hobair LM\u00c9 agus\/n\u00f3 ag cur teachtaireachta\u00ed faoi litearthacht maidir leis na me\u00e1in chumars\u00e1ide chun cinn ar a gcuid cain\u00e9al, ar bhealach at\u00e1 neartaitheach sp\u00e9isi\u00fail ag daoine a bhfuil c\u00f3na\u00ed orthu ar oile\u00e1n na h\u00c9ireann.<\/span><\/li>\n<p><div style=\"width: 1280px;\" class=\"wp-video\"><video class=\"wp-video-shortcode\" id=\"video-1726-6\" width=\"1280\" height=\"720\" preload=\"metadata\" controls=\"controls\"><source type=\"video\/mp4\" src=\"https:\/\/www.medialiteracyireland.ie\/wp-content\/uploads\/2024\/09\/irish-category-5-720p.mp4?_=6\" \/><a href=\"https:\/\/www.medialiteracyireland.ie\/wp-content\/uploads\/2024\/09\/irish-category-5-720p.mp4\">https:\/\/www.medialiteracyireland.ie\/wp-content\/uploads\/2024\/09\/irish-category-5-720p.mp4<\/a><\/video><\/div>\n<\/ul>\n<ul>\n<li><span style=\"font-weight: 400;\"><strong>Gradam na Molt\u00f3ir\u00ed<\/strong> \u2013 Is de rogha na molt\u00f3ir\u00ed amh\u00e1in an gradam speisialta seo a bhronnadh.\u00a0 N\u00ed f\u00e9idir iarratas n\u00e1 ainmni\u00fach\u00e1n a chur isteach ina leith.\u00a0 N\u00ed bhronntar \u00e9 ach amh\u00e1in sa ch\u00e1s go n-aonta\u00edonn na Molt\u00f3ir\u00ed go bhfuil aitheantas tuillte ag tionscadal faoi leith n\u00f3 ag duine faoi leith mar gheall ar chion m\u00f3r tairbhe a dh\u00e9anamh i nd\u00e1il le litearthacht maidir leis na me\u00e1in chumars\u00e1ide a chur chun cinn in \u00c9irinn.<\/span><\/li>\n<\/ul>\n<p><span style=\"font-weight: 400;\">D\u00e1ta\u00ed :<\/span><\/p>\n<ul>\n<li><span style=\"font-weight: 400;\">An d\u00e1ta tosaigh maidir le hiarratais: 31 I\u00fail 2024<\/span><\/li>\n<li><span style=\"font-weight: 400;\">An d\u00e1ta deiridh maidir le hiarratais: 20 Me\u00e1n F\u00f3mhair 2024<\/span><\/li>\n<li><span style=\"font-weight: 400;\">F\u00f3gra\u00edtear an gearrliosta i dt\u00fas mh\u00ed na Samhna 2024<\/span><\/li>\n<li><span style=\"font-weight: 400;\">Eagra\u00edtear Searmanas na nGradam i ndeireadh mh\u00ed na Samhna 2024<\/span><\/li>\n<\/ul>\n<p><img loading=\"lazy\" decoding=\"async\" class=\"alignnone size-medium wp-image-4193\" src=\"https:\/\/www.medialiteracyireland.ie\/wp-content\/uploads\/2024\/07\/cropped-award-252x270.jpg\" alt=\"\" width=\"252\" height=\"270\" srcset=\"https:\/\/www.medialiteracyireland.ie\/wp-content\/uploads\/2024\/07\/cropped-award-252x270.jpg 252w, https:\/\/www.medialiteracyireland.ie\/wp-content\/uploads\/2024\/07\/cropped-award-957x1024.jpg 957w, https:\/\/www.medialiteracyireland.ie\/wp-content\/uploads\/2024\/07\/cropped-award-768x822.jpg 768w, https:\/\/www.medialiteracyireland.ie\/wp-content\/uploads\/2024\/07\/cropped-award-1436x1536.jpg 1436w, https:\/\/www.medialiteracyireland.ie\/wp-content\/uploads\/2024\/07\/cropped-award-1914x2048.jpg 1914w\" sizes=\"auto, (max-width: 252px) 100vw, 252px\" \/><\/p>\n<h3><a href=\"https:\/\/www.medialiteracyireland.ie\/mli-awards-2023-winners-announced\/\">Bualadh le buaiteoir\u00ed Ghradaim LM\u00c9 2023<\/a><\/h3>\n\t\t\t\t\t\t\r\n\t\t\t\t\t\t\t\t\t\t\t<\/div>\r\n\t\t\t\t<\/div>\r\n\t\t\t<\/div>\r\n\t\t\t<div class=\"col-12 col-lg-2 \">\r\n\t\t\t\t<div class=\"h-100 bg-color-purple\">\r\n\t\t\t\t\t\r\n\t\t\t\t<\/div>\r\n\t\t\t<\/div>\r\n\t\t\t<div class=\"col-12 col-lg-3 \">\r\n\t\t\t\t<div class=\"section-highlight-img-container   position-relative h-100\">\r\n\t\t\t\t\t\r\n\t\t\t\t\t\r\n\t\t\t\t\t\t\t\t\t\t\t\t\r\n\t\t\t\t\t\t\t<img decoding=\"async\" class=\"section-highlight-img wow fadeInRight\" src=\"https:\/\/www.medialiteracyireland.ie\/wp-content\/uploads\/2022\/12\/MLI-Awards-animated-logo.gif\" alt=\"\" \/>\r\n\t\t\t\t\t\r\n\t\t\t\t\t\t\t\t\t\t\r\n\t\t\t\t\t\r\n\t\t\t\t\t<div class=\"section-highlight-img-mobile-bg bg-color-purple d-block d-lg-none\"><\/div>\r\n\t\t\t\t<\/div>\r\n\t\t\t<\/div>\t\t\t\t\r\n\t\t<\/div>\r\n\t\t\r\n\t<\/div>\r\n<\/section>\r\n","protected":false},"excerpt":{"rendered":"","protected":false},"author":3,"featured_media":1707,"parent":0,"menu_order":4,"comment_status":"closed","ping_status":"closed","template":"","meta":{"_acf_changed":false,"footnotes":""},"class_list":["post-1726","page","type-page","status-publish","has-post-thumbnail","hentry"],"acf":[],"yoast_head":"<!-- This site is optimized with the Yoast SEO plugin v27.3 - https:\/\/yoast.com\/product\/yoast-seo-wordpress\/ -->\n<title>Maidir leis na Gradaim - Media Literacy Ireland<\/title>\n<meta name=\"robots\" content=\"index, follow, max-snippet:-1, max-image-preview:large, max-video-preview:-1\" \/>\n<link rel=\"canonical\" href=\"https:\/\/www.medialiteracyireland.ie\/awards\/\" \/>\n<meta property=\"og:locale\" content=\"ga_IE\" \/>\n<meta property=\"og:type\" content=\"article\" \/>\n<meta property=\"og:title\" content=\"Maidir leis na Gradaim - Media Literacy Ireland\" \/>\n<meta property=\"og:url\" content=\"https:\/\/www.medialiteracyireland.ie\/awards\/\" \/>\n<meta property=\"og:site_name\" content=\"Media Literacy Ireland\" \/>\n<meta property=\"article:modified_time\" content=\"2024-09-10T10:26:53+00:00\" \/>\n<meta property=\"og:image\" content=\"https:\/\/www.medialiteracyireland.ie\/wp-content\/uploads\/2022\/11\/MLI-Awards-Logo-dark-bg.png\" \/>\n\t<meta property=\"og:image:width\" content=\"512\" \/>\n\t<meta property=\"og:image:height\" content=\"512\" \/>\n\t<meta property=\"og:image:type\" content=\"image\/png\" \/>\n<meta name=\"twitter:card\" content=\"summary_large_image\" \/>\n<meta name=\"twitter:label1\" content=\"Est. reading time\" \/>\n\t<meta name=\"twitter:data1\" content=\"1 minute\" \/>\n<script type=\"application\/ld+json\" class=\"yoast-schema-graph\">{\"@context\":\"https:\\\/\\\/schema.org\",\"@graph\":[{\"@type\":\"WebPage\",\"@id\":\"https:\\\/\\\/www.medialiteracyireland.ie\\\/awards\\\/\",\"url\":\"https:\\\/\\\/www.medialiteracyireland.ie\\\/awards\\\/\",\"name\":\"Maidir leis na Gradaim - Media Literacy Ireland\",\"isPartOf\":{\"@id\":\"https:\\\/\\\/www.medialiteracyireland.ie\\\/#website\"},\"primaryImageOfPage\":{\"@id\":\"https:\\\/\\\/www.medialiteracyireland.ie\\\/awards\\\/#primaryimage\"},\"image\":{\"@id\":\"https:\\\/\\\/www.medialiteracyireland.ie\\\/awards\\\/#primaryimage\"},\"thumbnailUrl\":\"https:\\\/\\\/www.medialiteracyireland.ie\\\/wp-content\\\/uploads\\\/2022\\\/11\\\/MLI-Awards-Logo-dark-bg.png\",\"datePublished\":\"2022-11-18T16:08:56+00:00\",\"dateModified\":\"2024-09-10T10:26:53+00:00\",\"breadcrumb\":{\"@id\":\"https:\\\/\\\/www.medialiteracyireland.ie\\\/awards\\\/#breadcrumb\"},\"inLanguage\":\"ga-IE\",\"potentialAction\":[{\"@type\":\"ReadAction\",\"target\":[\"https:\\\/\\\/www.medialiteracyireland.ie\\\/awards\\\/\"]}]},{\"@type\":\"ImageObject\",\"inLanguage\":\"ga-IE\",\"@id\":\"https:\\\/\\\/www.medialiteracyireland.ie\\\/awards\\\/#primaryimage\",\"url\":\"https:\\\/\\\/www.medialiteracyireland.ie\\\/wp-content\\\/uploads\\\/2022\\\/11\\\/MLI-Awards-Logo-dark-bg.png\",\"contentUrl\":\"https:\\\/\\\/www.medialiteracyireland.ie\\\/wp-content\\\/uploads\\\/2022\\\/11\\\/MLI-Awards-Logo-dark-bg.png\",\"width\":512,\"height\":512},{\"@type\":\"BreadcrumbList\",\"@id\":\"https:\\\/\\\/www.medialiteracyireland.ie\\\/awards\\\/#breadcrumb\",\"itemListElement\":[{\"@type\":\"ListItem\",\"position\":1,\"name\":\"Home\",\"item\":\"https:\\\/\\\/www.medialiteracyireland.ie\\\/\"},{\"@type\":\"ListItem\",\"position\":2,\"name\":\"Maidir leis na Gradaim\"}]},{\"@type\":\"WebSite\",\"@id\":\"https:\\\/\\\/www.medialiteracyireland.ie\\\/#website\",\"url\":\"https:\\\/\\\/www.medialiteracyireland.ie\\\/\",\"name\":\"Media Literacy Ireland\",\"description\":\"An informal alliance working together to promote media literacy in Ireland.\",\"potentialAction\":[{\"@type\":\"SearchAction\",\"target\":{\"@type\":\"EntryPoint\",\"urlTemplate\":\"https:\\\/\\\/www.medialiteracyireland.ie\\\/?s={search_term_string}\"},\"query-input\":{\"@type\":\"PropertyValueSpecification\",\"valueRequired\":true,\"valueName\":\"search_term_string\"}}],\"inLanguage\":\"ga-IE\"}]}<\/script>\n<!-- \/ Yoast SEO plugin. -->","yoast_head_json":{"title":"Maidir leis na Gradaim - Media Literacy Ireland","robots":{"index":"index","follow":"follow","max-snippet":"max-snippet:-1","max-image-preview":"max-image-preview:large","max-video-preview":"max-video-preview:-1"},"canonical":"https:\/\/www.medialiteracyireland.ie\/awards\/","og_locale":"ga_IE","og_type":"article","og_title":"Maidir leis na Gradaim - Media Literacy Ireland","og_url":"https:\/\/www.medialiteracyireland.ie\/awards\/","og_site_name":"Media Literacy Ireland","article_modified_time":"2024-09-10T10:26:53+00:00","og_image":[{"width":512,"height":512,"url":"https:\/\/www.medialiteracyireland.ie\/wp-content\/uploads\/2022\/11\/MLI-Awards-Logo-dark-bg.png","type":"image\/png"}],"twitter_card":"summary_large_image","twitter_misc":{"Est. reading time":"1 minute"},"schema":{"@context":"https:\/\/schema.org","@graph":[{"@type":"WebPage","@id":"https:\/\/www.medialiteracyireland.ie\/awards\/","url":"https:\/\/www.medialiteracyireland.ie\/awards\/","name":"Maidir leis na Gradaim - Media Literacy Ireland","isPartOf":{"@id":"https:\/\/www.medialiteracyireland.ie\/#website"},"primaryImageOfPage":{"@id":"https:\/\/www.medialiteracyireland.ie\/awards\/#primaryimage"},"image":{"@id":"https:\/\/www.medialiteracyireland.ie\/awards\/#primaryimage"},"thumbnailUrl":"https:\/\/www.medialiteracyireland.ie\/wp-content\/uploads\/2022\/11\/MLI-Awards-Logo-dark-bg.png","datePublished":"2022-11-18T16:08:56+00:00","dateModified":"2024-09-10T10:26:53+00:00","breadcrumb":{"@id":"https:\/\/www.medialiteracyireland.ie\/awards\/#breadcrumb"},"inLanguage":"ga-IE","potentialAction":[{"@type":"ReadAction","target":["https:\/\/www.medialiteracyireland.ie\/awards\/"]}]},{"@type":"ImageObject","inLanguage":"ga-IE","@id":"https:\/\/www.medialiteracyireland.ie\/awards\/#primaryimage","url":"https:\/\/www.medialiteracyireland.ie\/wp-content\/uploads\/2022\/11\/MLI-Awards-Logo-dark-bg.png","contentUrl":"https:\/\/www.medialiteracyireland.ie\/wp-content\/uploads\/2022\/11\/MLI-Awards-Logo-dark-bg.png","width":512,"height":512},{"@type":"BreadcrumbList","@id":"https:\/\/www.medialiteracyireland.ie\/awards\/#breadcrumb","itemListElement":[{"@type":"ListItem","position":1,"name":"Home","item":"https:\/\/www.medialiteracyireland.ie\/"},{"@type":"ListItem","position":2,"name":"Maidir leis na Gradaim"}]},{"@type":"WebSite","@id":"https:\/\/www.medialiteracyireland.ie\/#website","url":"https:\/\/www.medialiteracyireland.ie\/","name":"Media Literacy Ireland","description":"An informal alliance working together to promote media literacy in Ireland.","potentialAction":[{"@type":"SearchAction","target":{"@type":"EntryPoint","urlTemplate":"https:\/\/www.medialiteracyireland.ie\/?s={search_term_string}"},"query-input":{"@type":"PropertyValueSpecification","valueRequired":true,"valueName":"search_term_string"}}],"inLanguage":"ga-IE"}]}},"_links":{"self":[{"href":"https:\/\/www.medialiteracyireland.ie\/ga\/wp-json\/wp\/v2\/pages\/1726","targetHints":{"allow":["GET"]}}],"collection":[{"href":"https:\/\/www.medialiteracyireland.ie\/ga\/wp-json\/wp\/v2\/pages"}],"about":[{"href":"https:\/\/www.medialiteracyireland.ie\/ga\/wp-json\/wp\/v2\/types\/page"}],"author":[{"embeddable":true,"href":"https:\/\/www.medialiteracyireland.ie\/ga\/wp-json\/wp\/v2\/users\/3"}],"replies":[{"embeddable":true,"href":"https:\/\/www.medialiteracyireland.ie\/ga\/wp-json\/wp\/v2\/comments?post=1726"}],"version-history":[{"count":42,"href":"https:\/\/www.medialiteracyireland.ie\/ga\/wp-json\/wp\/v2\/pages\/1726\/revisions"}],"predecessor-version":[{"id":4610,"href":"https:\/\/www.medialiteracyireland.ie\/ga\/wp-json\/wp\/v2\/pages\/1726\/revisions\/4610"}],"wp:featuredmedia":[{"embeddable":true,"href":"https:\/\/www.medialiteracyireland.ie\/ga\/wp-json\/wp\/v2\/media\/1707"}],"wp:attachment":[{"href":"https:\/\/www.medialiteracyireland.ie\/ga\/wp-json\/wp\/v2\/media?parent=1726"}],"curies":[{"name":"wp","href":"https:\/\/api.w.org\/{rel}","templated":true}]}}