{"id":1725,"date":"2022-11-18T16:09:09","date_gmt":"2022-11-18T16:09:09","guid":{"rendered":"https:\/\/www.medialiteracyireland.ie\/judging\/"},"modified":"2024-07-31T14:52:56","modified_gmt":"2024-07-31T13:52:56","slug":"judging","status":"publish","type":"page","link":"https:\/\/www.medialiteracyireland.ie\/ga\/awards\/judging\/","title":{"rendered":"Pain\u00e9al na Molt\u00f3ir\u00ed"},"content":{"rendered":"\r\n<!--#section-highlight\" -->\r\n<section class=\"section-highlight py-4 py-lg-5 mb-lg-4\">\r\n\t<div class=\"container px-0 px-lg-3\">\r\n\t\t<div class=\"row g-0\">\r\n\t\t\t<div class=\"col-12 col-lg-7 \">\r\n\t\t\t\t<div class=\"section-highlight-content bg-color-purple px-4 px-lg-5 py-4 py-lg-5\">\r\n\t\t\t\t\t<div class=\"px-lg-3 pt-lg-4\">\r\n\t\t\t\t\t\t<h2><strong>Pain\u00e9al na Molt\u00f3ir\u00ed<\/strong><\/h2>\n<p><span style=\"font-weight: 400;\">Cuirfear foireann molt\u00f3ireachta le ch\u00e9ile a bheidh comhdh\u00e9anta de thri\u00far, idir bhaill \u00f3n LM\u00c9, agus saineolaithe neamhsple\u00e1cha ar an LM\u00c9, do gach gradam. D\u00e9anfar an mholt\u00f3ireacht ar l\u00edne tr\u00ed chruinni\u00fa ar Zoom. <\/span><\/p>\n<p><span style=\"font-weight: 400;\">N\u00ed cheada\u00edtear do mholt\u00f3ir\u00ed iontr\u00e1il a chur isteach ar an gcatag\u00f3ir a bhfuil molt\u00f3ireacht \u00e1 d\u00e9anamh acu f\u00e9in air, n\u00e1 a bheith bainteach le hainmni\u00fach\u00e1n don chatag\u00f3ir a bhfuil siad ag d\u00e9anamh molt\u00f3ireachta air.<\/span><\/p>\n<p><span style=\"font-weight: 400;\">D\u00e9anfar meas\u00fan\u00fa ar gach catag\u00f3ir gradaim faoi na crit\u00e9ir at\u00e1 leagtha amach th\u00edos agus f\u00e9adfar ual\u00fa a chur i bhfeidhm ar roinnt crit\u00e9ar, ag brath ar an gcatag\u00f3ir.Is cinneadh cr\u00edochnaitheach \u00e9 cinneadh an Phain\u00e9il Molt\u00f3ireachta.M\u00e1s mian leat a bheith san \u00e1ireamh don Phain\u00e9al Molt\u00f3ireachta, seol r\u00edomhphost chuig <a href=\"mailto:info@medialiteracyireland.ie\">info@medialiteracyireland.ie<\/a><\/span><\/p>\n<figure id=\"attachment_4195\" aria-describedby=\"caption-attachment-4195\" style=\"width: 405px\" class=\"wp-caption alignnone\"><img loading=\"lazy\" decoding=\"async\" class=\"size-medium wp-image-4195\" src=\"https:\/\/www.medialiteracyireland.ie\/wp-content\/uploads\/2024\/07\/judging-2-405x270.jpg\" alt=\"\" width=\"405\" height=\"270\" srcset=\"https:\/\/www.medialiteracyireland.ie\/wp-content\/uploads\/2024\/07\/judging-2-405x270.jpg 405w, https:\/\/www.medialiteracyireland.ie\/wp-content\/uploads\/2024\/07\/judging-2-1024x683.jpg 1024w, https:\/\/www.medialiteracyireland.ie\/wp-content\/uploads\/2024\/07\/judging-2-768x512.jpg 768w, https:\/\/www.medialiteracyireland.ie\/wp-content\/uploads\/2024\/07\/judging-2-1536x1024.jpg 1536w, https:\/\/www.medialiteracyireland.ie\/wp-content\/uploads\/2024\/07\/judging-2-2048x1365.jpg 2048w\" sizes=\"auto, (max-width: 405px) 100vw, 405px\" \/><figcaption id=\"caption-attachment-4195\" class=\"wp-caption-text\">Na molt\u00f3ir\u00ed ag d\u00e9anamh athbhreithnithe ar iontr\u00e1lacha Gradaim LM\u00c9 2023<\/figcaption><\/figure>\n<h3><strong>Crit\u00e9ir<\/strong><\/h3>\n<p><strong>Crit\u00e9ir maidir le Gradam chatag\u00f3ir\u00ed 1 \u2013 4<\/strong><\/p>\n<p><span style=\"font-weight: 400;\">Crit\u00e9ar 1: Cumas i scileanna LM\u00c9 a choth\u00fa sa Spriocghr\u00fapa (C. 3, 5, 6)<\/span><\/p>\n<p><span style=\"font-weight: 400;\">Crit\u00e9ar 2: Tionchar an Tionscadail (C. 8)<\/span><\/p>\n<p><span style=\"font-weight: 400;\">Crit\u00e9ar 3: Ionchuimsitheacht (C.9)<\/span><\/p>\n<p><span style=\"font-weight: 400;\">Crit\u00e9ar 4: Cur chuige maidir leis an gComhar (C.10)<\/span><\/p>\n<p><span style=\"font-weight: 400;\">Crit\u00e9ar 5: Cur chuige maidir leis an Nu\u00e1la\u00edocht (C.11)<\/span><\/p>\n<p><span style=\"font-weight: 400;\">Crit\u00e9ar 6: Pr\u00f3iseas Meas\u00fanachta. Baineann an crit\u00e9ar seo leis an bpr\u00f3iseas meas\u00fanachta seachas le tortha\u00ed an tionscadail. (C.12)<\/span><\/p>\n<p><strong>Crit\u00e9ir maidir le Gradam chatag\u00f3ir 5<\/strong><\/p>\n<p><span style=\"font-weight: 400;\">Crit\u00e9ar 1: Litearthacht sna Me\u00e1in Chumars\u00e1ide a chur chun cinn agus\/n\u00f3 treisi\u00fa le Litearthacht sna Me\u00e1in, \u00c9ire (C. 3, 5, 6, 8)<\/span><\/p>\n<p><span style=\"font-weight: 400;\">Crit\u00e9ar 2: Tionchar an Tionscadail (C. 8)<\/span><\/p>\n<p><span style=\"font-weight: 400;\">Crit\u00e9ar 3: Ionchuimsitheacht (C.9)<\/span><\/p>\n<p><span style=\"font-weight: 400;\">Crit\u00e9ar 4: Cur chuige maidir leis an gComhar (C.10)<\/span><\/p>\n<p><span style=\"font-weight: 400;\">Crit\u00e9ar 5: Cur chuige maidir leis an Nu\u00e1la\u00edocht (C.11)<\/span><\/p>\n<p><span style=\"font-weight: 400;\">Crit\u00e9ar 6: Pr\u00f3iseas Meas\u00fanachta. Baineann an crit\u00e9ar seo leis an bpr\u00f3iseas meas\u00fanachta seachas le tortha\u00ed an tionscadail. (C.12)<\/span><\/p>\n<h3><strong>Inghlacthacht\u00a0<\/strong><\/h3>\n<p><strong>Gradam Chatag\u00f3ir 1: An Tionscnamh Litearthachta Me\u00e1n is Fearr a dh\u00edr\u00edonn ar dhaoine \u00f3ga<\/strong><\/p>\n<ul>\n<li><span style=\"font-weight: 400;\">T\u00e1 de choinn\u00edoll leis an tionscnamh gurbh leana\u00ed agus daoine \u00f3ga faoi 18 bliana d\u2019aois at\u00e1 ina gc\u00f3na\u00ed ar oile\u00e1n na h\u00c9ireann an spriocghr\u00fapa.<\/span><\/li>\n<li><span style=\"font-weight: 400;\">T\u00e1 de choinn\u00edoll leis an tionscnamh gur cuid\u00edodh lena chur ar chumas an spriocghr\u00fapa scileanna, eolas agus\/n\u00f3 inni\u00falacht a ghn\u00f3th\u00fa a ligeann d\u00f3ibh rogha stuama a dh\u00e9anamh maidir leis an \u00e1bhar agus na seirbh\u00eds\u00ed me\u00e1n cumars\u00e1ide a thapa\u00edonn siad, a chrutha\u00edonn siad agus a roinneann siad.<\/span><\/li>\n<li><span style=\"font-weight: 400;\">T\u00e1 de choinn\u00edoll leis an tionscnamh gur reacht\u00e1ladh \u00e9 idir m\u00ed Feabhra 2023 agus m\u00ed Feabhra 2024.<\/span><\/li>\n<\/ul>\n<p><strong>Gradam Chatag\u00f3ir 2: An Tionscnamh Litearthachta Me\u00e1n is Fearr a dh\u00edr\u00edonn ar dhaoine scothaosta\u00a0<\/strong><\/p>\n<ul>\n<li><span style=\"font-weight: 400;\">T\u00e1 de choinn\u00edoll leis an tionscnamh gurbh daoine scothaosta 65 bliana d\u2019aois agus n\u00edos sine at\u00e1 ina gc\u00f3na\u00ed ar oile\u00e1n na h\u00c9ireann an spriocgrh\u00fapa.<\/span><\/li>\n<li><span style=\"font-weight: 400;\">T\u00e1 de choinn\u00edoll leis an tionscnamh gur cuid\u00edodh lena chur ar chumas an spriocghr\u00fapa scileanna, eolas agus\/n\u00f3 inni\u00falacht a ghn\u00f3th\u00fa a ligeann d\u00f3ibh rogha stuama a dh\u00e9anamh maidir leis an \u00e1bhar agus na seirbh\u00eds\u00ed me\u00e1n cumars\u00e1ide a thapa\u00edonn siad, a chrutha\u00edonn siad agus a roinneann siad.<\/span><\/li>\n<li><span style=\"font-weight: 400;\">T\u00e1 de choinn\u00edoll leis an tionscnamh gur re\u00e1cht\u00e1ladh \u00e9 idir m\u00ed Feabhra 2023 agus m\u00ed Feabhra 2024.<\/span><\/li>\n<\/ul>\n<p><strong>Gradam Chatag\u00f3ir 3: An Tionscnamh Litearthachta Me\u00e1n Pobalbhunaithe is Fearr<\/strong><\/p>\n<ul>\n<li><span style=\"font-weight: 400;\">T\u00e1 de choinn\u00edoll leis an tionscnamh gurbh daoine a bhaineann le dream faoi leith den phobal (\u00f3 thaobh c\u00farsa\u00ed t\u00edreola\u00edochta n\u00f3 saintr\u00e9ithe eile) at\u00e1 ina gc\u00f3na\u00ed ar oile\u00e1n na h\u00c9ireann an spriocghr\u00fapa.<\/span><\/li>\n<li><span style=\"font-weight: 400;\">T\u00e1 de choinn\u00edoll leis an tionscnamh gur cuid\u00edodh lena chur ar chumas an spriocghr\u00fapa scileanna, eolas agus\/n\u00f3 inni\u00falacht a ghn\u00f3th\u00fa a ligeann d\u00f3ibh rogha stuama a dh\u00e9anamh maidir leis an \u00e1bhar agus na seirbh\u00eds\u00ed me\u00e1n cumars\u00e1ide a thapa\u00edonn siad, a chrutha\u00edonn siad agus a roinneann siad.<\/span><\/li>\n<li><span style=\"font-weight: 400;\">T\u00e1 de choinn\u00edoll leis an tionscnamh gur reacht\u00e1ladh \u00e9 idir m\u00ed Feabhra 2023 agus m\u00ed Feabhra 2024.<\/span><\/li>\n<\/ul>\n<p><strong>Gradam Chatag\u00f3ir 4: An Tionscnamh Litearthachta Me\u00e1n Ginear\u00e1lta is Fearr\u00a0<\/strong><\/p>\n<ul>\n<li><span style=\"font-weight: 400;\">T\u00e1 de choinn\u00edoll leis an tionscnamh gur cuid\u00edodh (go d\u00edreach n\u00f3 go hind\u00edreach) lena chur ar chumas daoine at\u00e1 ina gc\u00f3na\u00ed ar oile\u00e1n na h\u00c9ireann scileanna, eolas agus\/n\u00f3 inni\u00falacht a ghn\u00f3th\u00fa a ligeann d\u00f3ibh rogha stuama a dh\u00e9anamh maidir leis an \u00e1bhar agus na seirbh\u00eds\u00ed me\u00e1n cumars\u00e1ide a thapa\u00edonn siad, a chrutha\u00edonn siad agus a roinneann siad.<\/span><\/li>\n<li><span style=\"font-weight: 400;\">T\u00e1 de choinn\u00edoll leis an tionscnamh gur\u00a0 reacht\u00e1ladh \u00e9 idir m\u00ed Feabhra 2023 agus m\u00ed Feabhra 2024.<\/span><\/li>\n<\/ul>\n<p><strong>Gradam Chatag\u00f3ir 5: An Tionscnamh Litearthachta Me\u00e1n is Fearr faoi Sti\u00fair na Me\u00e1n\u00a0<\/strong><\/p>\n<ul>\n<li><span style=\"font-weight: 400;\">T\u00e1 de choinn\u00edoll leis an tionscnamh gur shaothraigh an eagra\u00edocht me\u00e1n cumars\u00e1ide, saothra\u00ed gairmi\u00fail sna me\u00e1in chumars\u00e1ide n\u00f3 comhph\u00e1irt\u00edocht me\u00e1n cumars\u00e1ide go seasta lean\u00fanach ag treisi\u00fa le hobair LM\u00c9 agus\/n\u00f3 ag cur teachtaireachta\u00ed faoi litearthacht maidir leis na me\u00e1in chumars\u00e1ide chun cinn ar a gcuid cain\u00e9al, ar bhealach at\u00e1 neartaitheach sp\u00e9isi\u00fail ag daoine a bhfuil c\u00f3na\u00ed orthu ar oile\u00e1n na h\u00c9ireann.<\/span><\/li>\n<li><span style=\"font-weight: 400;\">T\u00e1 de choinn\u00edoll le s\u00e1samh gur tharla an saothr\u00fa idir m\u00ed Feabhra 2023 agus m\u00ed Feabhra 2024<\/span><\/li>\n<\/ul>\n<h1><\/h1>\n\t\t\t\t\t\t\r\n\t\t\t\t\t\t\t\t\t\t\t<\/div>\r\n\t\t\t\t<\/div>\r\n\t\t\t<\/div>\r\n\t\t\t<div class=\"col-12 col-lg-2 \">\r\n\t\t\t\t<div class=\"h-100 bg-color-purple\">\r\n\t\t\t\t\t\r\n\t\t\t\t<\/div>\r\n\t\t\t<\/div>\r\n\t\t\t<div class=\"col-12 col-lg-3 \">\r\n\t\t\t\t<div class=\"section-highlight-img-container   position-relative h-100\">\r\n\t\t\t\t\t\r\n\t\t\t\t\t\r\n\t\t\t\t\t\t\t\t\t\t\t\t\r\n\t\t\t\t\t\t\t<img decoding=\"async\" class=\"section-highlight-img wow fadeInRight\" src=\"https:\/\/www.medialiteracyireland.ie\/wp-content\/uploads\/2022\/11\/MLI-Awards-Logo-dark-bg.png\" alt=\"\" \/>\r\n\t\t\t\t\t\r\n\t\t\t\t\t\t\t\t\t\t\r\n\t\t\t\t\t\r\n\t\t\t\t\t<div class=\"section-highlight-img-mobile-bg bg-color-purple d-block d-lg-none\"><\/div>\r\n\t\t\t\t<\/div>\r\n\t\t\t<\/div>\t\t\t\t\r\n\t\t<\/div>\r\n\t\t\r\n\t<\/div>\r\n<\/section>\r\n","protected":false},"excerpt":{"rendered":"","protected":false},"author":3,"featured_media":0,"parent":1726,"menu_order":43,"comment_status":"closed","ping_status":"closed","template":"","meta":{"_acf_changed":false,"footnotes":""},"class_list":["post-1725","page","type-page","status-publish","hentry"],"acf":[],"yoast_head":"<!-- This site is optimized with the Yoast SEO plugin v27.3 - https:\/\/yoast.com\/product\/yoast-seo-wordpress\/ -->\n<title>Pain\u00e9al na Molt\u00f3ir\u00ed - Media Literacy Ireland<\/title>\n<meta name=\"robots\" content=\"index, follow, max-snippet:-1, max-image-preview:large, max-video-preview:-1\" \/>\n<link rel=\"canonical\" href=\"https:\/\/www.medialiteracyireland.ie\/awards\/judging\/\" \/>\n<meta property=\"og:locale\" content=\"ga_IE\" \/>\n<meta property=\"og:type\" content=\"article\" \/>\n<meta property=\"og:title\" content=\"Pain\u00e9al na Molt\u00f3ir\u00ed - Media Literacy Ireland\" \/>\n<meta property=\"og:url\" content=\"https:\/\/www.medialiteracyireland.ie\/awards\/judging\/\" \/>\n<meta property=\"og:site_name\" content=\"Media Literacy Ireland\" \/>\n<meta property=\"article:modified_time\" content=\"2024-07-31T13:52:56+00:00\" \/>\n<meta name=\"twitter:card\" content=\"summary_large_image\" \/>\n<script type=\"application\/ld+json\" class=\"yoast-schema-graph\">{\"@context\":\"https:\\\/\\\/schema.org\",\"@graph\":[{\"@type\":\"WebPage\",\"@id\":\"https:\\\/\\\/www.medialiteracyireland.ie\\\/awards\\\/judging\\\/\",\"url\":\"https:\\\/\\\/www.medialiteracyireland.ie\\\/awards\\\/judging\\\/\",\"name\":\"Pain\u00e9al na Molt\u00f3ir\u00ed - Media Literacy Ireland\",\"isPartOf\":{\"@id\":\"https:\\\/\\\/www.medialiteracyireland.ie\\\/#website\"},\"datePublished\":\"2022-11-18T16:09:09+00:00\",\"dateModified\":\"2024-07-31T13:52:56+00:00\",\"breadcrumb\":{\"@id\":\"https:\\\/\\\/www.medialiteracyireland.ie\\\/awards\\\/judging\\\/#breadcrumb\"},\"inLanguage\":\"ga-IE\",\"potentialAction\":[{\"@type\":\"ReadAction\",\"target\":[\"https:\\\/\\\/www.medialiteracyireland.ie\\\/awards\\\/judging\\\/\"]}]},{\"@type\":\"BreadcrumbList\",\"@id\":\"https:\\\/\\\/www.medialiteracyireland.ie\\\/awards\\\/judging\\\/#breadcrumb\",\"itemListElement\":[{\"@type\":\"ListItem\",\"position\":1,\"name\":\"Home\",\"item\":\"https:\\\/\\\/www.medialiteracyireland.ie\\\/\"},{\"@type\":\"ListItem\",\"position\":2,\"name\":\"Maidir leis na Gradaim\",\"item\":\"https:\\\/\\\/www.medialiteracyireland.ie\\\/awards\\\/\"},{\"@type\":\"ListItem\",\"position\":3,\"name\":\"Pain\u00e9al na Molt\u00f3ir\u00ed\"}]},{\"@type\":\"WebSite\",\"@id\":\"https:\\\/\\\/www.medialiteracyireland.ie\\\/#website\",\"url\":\"https:\\\/\\\/www.medialiteracyireland.ie\\\/\",\"name\":\"Media Literacy Ireland\",\"description\":\"An informal alliance working together to promote media literacy in Ireland.\",\"potentialAction\":[{\"@type\":\"SearchAction\",\"target\":{\"@type\":\"EntryPoint\",\"urlTemplate\":\"https:\\\/\\\/www.medialiteracyireland.ie\\\/?s={search_term_string}\"},\"query-input\":{\"@type\":\"PropertyValueSpecification\",\"valueRequired\":true,\"valueName\":\"search_term_string\"}}],\"inLanguage\":\"ga-IE\"}]}<\/script>\n<!-- \/ Yoast SEO plugin. -->","yoast_head_json":{"title":"Pain\u00e9al na Molt\u00f3ir\u00ed - Media Literacy Ireland","robots":{"index":"index","follow":"follow","max-snippet":"max-snippet:-1","max-image-preview":"max-image-preview:large","max-video-preview":"max-video-preview:-1"},"canonical":"https:\/\/www.medialiteracyireland.ie\/awards\/judging\/","og_locale":"ga_IE","og_type":"article","og_title":"Pain\u00e9al na Molt\u00f3ir\u00ed - Media Literacy Ireland","og_url":"https:\/\/www.medialiteracyireland.ie\/awards\/judging\/","og_site_name":"Media Literacy Ireland","article_modified_time":"2024-07-31T13:52:56+00:00","twitter_card":"summary_large_image","schema":{"@context":"https:\/\/schema.org","@graph":[{"@type":"WebPage","@id":"https:\/\/www.medialiteracyireland.ie\/awards\/judging\/","url":"https:\/\/www.medialiteracyireland.ie\/awards\/judging\/","name":"Pain\u00e9al na Molt\u00f3ir\u00ed - Media Literacy Ireland","isPartOf":{"@id":"https:\/\/www.medialiteracyireland.ie\/#website"},"datePublished":"2022-11-18T16:09:09+00:00","dateModified":"2024-07-31T13:52:56+00:00","breadcrumb":{"@id":"https:\/\/www.medialiteracyireland.ie\/awards\/judging\/#breadcrumb"},"inLanguage":"ga-IE","potentialAction":[{"@type":"ReadAction","target":["https:\/\/www.medialiteracyireland.ie\/awards\/judging\/"]}]},{"@type":"BreadcrumbList","@id":"https:\/\/www.medialiteracyireland.ie\/awards\/judging\/#breadcrumb","itemListElement":[{"@type":"ListItem","position":1,"name":"Home","item":"https:\/\/www.medialiteracyireland.ie\/"},{"@type":"ListItem","position":2,"name":"Maidir leis na Gradaim","item":"https:\/\/www.medialiteracyireland.ie\/awards\/"},{"@type":"ListItem","position":3,"name":"Pain\u00e9al na Molt\u00f3ir\u00ed"}]},{"@type":"WebSite","@id":"https:\/\/www.medialiteracyireland.ie\/#website","url":"https:\/\/www.medialiteracyireland.ie\/","name":"Media Literacy Ireland","description":"An informal alliance working together to promote media literacy in Ireland.","potentialAction":[{"@type":"SearchAction","target":{"@type":"EntryPoint","urlTemplate":"https:\/\/www.medialiteracyireland.ie\/?s={search_term_string}"},"query-input":{"@type":"PropertyValueSpecification","valueRequired":true,"valueName":"search_term_string"}}],"inLanguage":"ga-IE"}]}},"_links":{"self":[{"href":"https:\/\/www.medialiteracyireland.ie\/ga\/wp-json\/wp\/v2\/pages\/1725","targetHints":{"allow":["GET"]}}],"collection":[{"href":"https:\/\/www.medialiteracyireland.ie\/ga\/wp-json\/wp\/v2\/pages"}],"about":[{"href":"https:\/\/www.medialiteracyireland.ie\/ga\/wp-json\/wp\/v2\/types\/page"}],"author":[{"embeddable":true,"href":"https:\/\/www.medialiteracyireland.ie\/ga\/wp-json\/wp\/v2\/users\/3"}],"replies":[{"embeddable":true,"href":"https:\/\/www.medialiteracyireland.ie\/ga\/wp-json\/wp\/v2\/comments?post=1725"}],"version-history":[{"count":11,"href":"https:\/\/www.medialiteracyireland.ie\/ga\/wp-json\/wp\/v2\/pages\/1725\/revisions"}],"predecessor-version":[{"id":4445,"href":"https:\/\/www.medialiteracyireland.ie\/ga\/wp-json\/wp\/v2\/pages\/1725\/revisions\/4445"}],"up":[{"embeddable":true,"href":"https:\/\/www.medialiteracyireland.ie\/ga\/wp-json\/wp\/v2\/pages\/1726"}],"wp:attachment":[{"href":"https:\/\/www.medialiteracyireland.ie\/ga\/wp-json\/wp\/v2\/media?parent=1725"}],"curies":[{"name":"wp","href":"https:\/\/api.w.org\/{rel}","templated":true}]}}