{"id":1713,"date":"2022-11-30T11:48:39","date_gmt":"2022-11-30T11:48:39","guid":{"rendered":"https:\/\/www.medialiteracyireland.ie\/mli-awards-tcs\/"},"modified":"2024-08-12T12:41:46","modified_gmt":"2024-08-12T11:41:46","slug":"mli-awards-tcs","status":"publish","type":"page","link":"https:\/\/www.medialiteracyireland.ie\/ga\/awards\/mli-awards-tcs\/","title":{"rendered":"T&amp;C maidir le Gradaim LM\u00c9"},"content":{"rendered":"\r\n<!--#section-highlight\" -->\r\n<section class=\"section-highlight py-4 py-lg-5 mb-lg-4\">\r\n\t<div class=\"container px-0 px-lg-3\">\r\n\t\t<div class=\"row g-0\">\r\n\t\t\t<div class=\"col-12 col-lg-7 \">\r\n\t\t\t\t<div class=\"section-highlight-content bg-color-purple px-4 px-lg-5 py-4 py-lg-5\">\r\n\t\t\t\t\t<div class=\"px-lg-3 pt-lg-4\">\r\n\t\t\t\t\t\t<h1>T&amp;C maidir le Gradaim LM\u00c9<\/h1>\n<p><strong>N\u00ed m\u00f3r d\u2019iontr\u00e1lacha bail\u00ed treoirl\u00ednte ginear\u00e1lta an chom\u00f3rtais agus na treoirl\u00ednte catag\u00f3ir\u00ed \u00e1bhartha a chomhl\u00edonadh.<\/strong><\/p>\n<p>&nbsp;<\/p>\n<p><strong>Eolas Ginear\u00e1lta<\/strong><\/p>\n<ul>\n<li><span style=\"font-weight: 400;\">T\u00e1 na gradaim seo \u00e1 n-eagr\u00fa ag Litearthacht sna Me\u00e1in, \u00c9ire \u2013 comhar neamhsple\u00e1ch idir daoine aonair agus eagra\u00edochta\u00ed a oibr\u00edonn le ch\u00e9ile ar bhealach neamhfhoirme\u00e1lta agus ar bhonn deonach den chuid is m\u00f3 chun litearthacht maidir leis na me\u00e1in chumars\u00e1ide a chur chun cinn in \u00c9irinn.\u00a0 D\u00e9anann Coimisi\u00fan na Me\u00e1n \u00e9asca\u00edocht do LM\u00c9.\u00a0<\/span><\/li>\n<li><span style=\"font-weight: 400;\">Is \u00e9 an 31 I\u00fail 2024 an d\u00e1ta tosaigh a mbeidh glacadh le hiarratais. Is \u00e9 an 20 Me\u00e1n F\u00f3mhair 2024 an d\u00e1ta deiridh a mbeidh glacadh le hiarratais.<\/span><\/li>\n<li><span style=\"font-weight: 400;\">Is f\u00e9idir le duine aonair, gr\u00fapa n\u00f3 eagra\u00edocht ar oile\u00e1n na h\u00c9ireann cur isteach ar na gradaim seo.<\/span><\/li>\n<li><span style=\"font-weight: 400;\">F\u00f3gr\u00f3far na buaiteoir\u00ed tr\u00e1th nach deireana\u00ed n\u00e1 tr\u00ed mh\u00ed tar \u00e9is an d\u00e1ta deiridh le hiarratas a chur isteach.<\/span><\/li>\n<li><span style=\"font-weight: 400;\">N\u00edl aon costas chun iontr\u00e1il a dh\u00e9anamh ar an nGradaim.<\/span><\/li>\n<li><span style=\"font-weight: 400;\">Is \u00e9ard at\u00e1 in iontr\u00e1il bhail\u00ed n\u00e1 foirm iontr\u00e1la at\u00e1 comhl\u00e1naithe go hioml\u00e1n, tr\u00ed \u00fas\u00e1id a bhaint as su\u00edomh gr\u00e9as\u00e1in medialiteracyireland.ie. Ba cheart an fhaisn\u00e9is taca\u00edochta a th\u00e9ann leis an iontr\u00e1il a\u00a0 uasl\u00f3d\u00e1il leis an bhfoirm iontr\u00e1la N\u00d3 \u00e9 a sheoladh ar r\u00edomhphost chuig info@medialiteracyireland.ie\u00a0 roimh mhe\u00e1n o\u00edche an 20\/9\/24.<\/span><\/li>\n<li><span style=\"font-weight: 400;\">Roghn\u00f3idh pain\u00e9al neamhsple\u00e1ch molt\u00f3ir\u00ed an iontr\u00e1il bhuaiteach i ngach catag\u00f3ir as na hiontr\u00e1lacha bail\u00ed a fuarthas. Is cinneadh cr\u00edochnaitheach \u00e9 an cinneadh agus n\u00ed dh\u00e9anfar aon chomhfhreagras ina leith.\u00a0<\/span><\/li>\n<li><span style=\"font-weight: 400;\">T\u00e1 an tionscn\u00f3ir eisiata \u00f3 dhliteanas i leith aon chaillteanas, dam\u00e1iste n\u00f3 d\u00edobh\u00e1il a d\u2019fh\u00e9adfadh tarl\u00fa don bhuaiteoir mar gheall gur ghlac s\u00e9\/s\u00ed leis an ngradam.<\/span><\/li>\n<li><span style=\"font-weight: 400;\">D\u2019fh\u00e9adfadh s\u00e9 go n-iarrfar ar an mbuaiteoir p\u00e1irt a ghlacadh i bpoibl\u00edocht neamh\u00edoctha a bhaineann le bolscaireacht, poibl\u00edocht a dh\u00e9anann an tionscn\u00f3ir n\u00f3 a chuideachta\u00ed gaolmhara.<\/span><\/li>\n<li><span style=\"font-weight: 400;\">Taispe\u00e1nfar na hiontr\u00e1lacha buaiteacha ar www.medialiteracy.ie agus ar shu\u00edomh gr\u00e9as\u00e1in ball eile den LM\u00c9 agus ar chain\u00e9il na me\u00e1n s\u00f3isialta.<\/span><\/li>\n<li><span style=\"font-weight: 400;\">Measfar go nglacfar go hioml\u00e1n agus go neamhchoinn\u00edollach leis na t\u00e9arma\u00ed agus coinn\u00edollacha maidir le hiontr\u00e1il chuig na gradaim seo.<\/span><\/li>\n<li><span style=\"font-weight: 400;\">\u00c1ir\u00edtear leis na gn\u00edomha\u00edochta\u00ed cur chun cinn, ach n\u00edl siad teoranta do na nithe seo a leanas: f\u00f3gra\u00edocht ar l\u00edne, cur chun cinn ar na me\u00e1in sh\u00f3isialta agus tr\u00ed shu\u00edomh gr\u00e9as\u00e1in www.medialiteracy.ie.<\/span><\/li>\n<li><span style=\"font-weight: 400;\">Forchoime\u00e1dann Litearthacht sna Me\u00e1in, \u00c9ire an ceart na t\u00e9arma\u00ed agus na coinn\u00edollacha seo a leas\u00fa.<\/span><\/li>\n<li><span style=\"font-weight: 400;\">Beidh na t\u00e9arma\u00ed agus coinn\u00edollacha seo \u00e1 rial\u00fa ag dl\u00edthe na h\u00c9ireann agus faoi r\u00e9ir dhl\u00ednse Ch\u00fairteanna na h\u00c9ireann.<\/span><\/li>\n<li><span style=\"font-weight: 400;\">N\u00ed ghlactar le haon fhreagracht i leith iontr\u00e1lacha at\u00e1 caillte, moillithe, m\u00edthreorach n\u00f3 neamhioml\u00e1n n\u00f3 iontr\u00e1lacha nach f\u00e9idir a sheachadadh n\u00f3 a chur isteach ar aon ch\u00fais theicni\u00fail n\u00f3 eile. N\u00ed cruth\u00fanas go bhfuarthas an iontr\u00e1il cruth\u00fanas ar sheachadadh na hiontr\u00e1la.<\/span><\/li>\n<li><span style=\"font-weight: 400;\">Caithfidh gach iontr\u00e1il a bheith ina saothar bunaidh de chuid na ndaoine aonair at\u00e1 i gceist agus n\u00edor cheart s\u00e1r\u00fa a dh\u00e9anamh ar chearta c\u00f3ipchirt\/tr\u00e1dmhairc<\/span><\/li>\n<li><span style=\"font-weight: 400;\">N\u00ed m\u00f3r iontr\u00e1lacha a chur isteach i mB\u00e9arla ach is f\u00e9idir fianaise taca\u00edochta a chur isteach i nGaeilge<\/span><\/li>\n<\/ul>\n<p><strong>Treoirl\u00ednte breise faoin Tionscnamh Litearthachta Me\u00e1n is Fearr a dh\u00edr\u00edonn ar dhaoine \u00f3ga<\/strong><\/p>\n<ul>\n<li><span style=\"font-weight: 400;\">T\u00e1 de choinn\u00edoll leis an tionscnamh gurbh leana\u00ed agus daoine \u00f3ga faoi 18 bliana d\u2019aois at\u00e1 ina gc\u00f3na\u00ed ar oile\u00e1n na h\u00c9ireann an spriocghr\u00fapa.<\/span><\/li>\n<li><span style=\"font-weight: 400;\">T\u00e1 de choinn\u00edoll leis an tionscnamh gur cuid\u00edodh lena chur ar chumas an spriocghr\u00fapa scileanna, eolas agus\/n\u00f3 inni\u00falacht a ghn\u00f3th\u00fa a ligeann d\u00f3ibh rogha stuama a dh\u00e9anamh maidir leis an \u00e1bhar agus na seirbh\u00eds\u00ed me\u00e1n cumars\u00e1ide a thapa\u00edonn siad, a chrutha\u00edonn siad agus a roinneann siad.<\/span><\/li>\n<li><span style=\"font-weight: 400;\">T\u00e1 de choinn\u00edoll leis an tionscnamh gur re\u00e1cht\u00e1ladh \u00e9 idir m\u00ed Feabhra 2023 agus m\u00ed Feabhra 2024.<\/span><\/li>\n<\/ul>\n<p><strong>Treoirl\u00ednte breise faoin Tionscnamh Litearthachta Me\u00e1n is Fearr a dh\u00edr\u00edonn ar dhaoine scothaosta\u00a0<\/strong><\/p>\n<ul>\n<li><span style=\"font-weight: 400;\">T\u00e1 de choinn\u00edoll leis an tionscnamh gurbh daoine scothaosta 65 bliana d\u2019aois agus n\u00edos sine at\u00e1 ina gc\u00f3na\u00ed ar oile\u00e1n na h\u00c9ireann an spriocgh\u00fapa.<\/span><\/li>\n<li><span style=\"font-weight: 400;\">T\u00e1 de choinn\u00edoll leis an tionscnamh gur cuid\u00edodh lena chur ar chumas an spriocghr\u00fapa scileanna, eolas agus\/n\u00f3 inni\u00falacht a ghn\u00f3th\u00fa a ligeann d\u00f3ibh rogha stuama a dh\u00e9anamh maidir leis an \u00e1bhar agus na seirbh\u00eds\u00ed me\u00e1n cumars\u00e1ide a thapa\u00edonn siad, a chrutha\u00edonn siad agus a roinneann siad.<\/span><\/li>\n<li><span style=\"font-weight: 400;\">T\u00e1 de choinn\u00edoll leis an tionscnamh gur reacht\u00e1ladh \u00e9 idir m\u00ed Feabhra 2023 agus m\u00ed Feabhra 2024.<\/span><\/li>\n<\/ul>\n<p><strong>Treoirl\u00ednte breise faoin Tionscnamh Litearthachta Me\u00e1n Pobalbhunaithe is Fearr<\/strong><\/p>\n<ul>\n<li><span style=\"font-weight: 400;\">T\u00e1 de choinn\u00edoll leis an tionscnamh gurbh daoine a bhaineann le dream faoi leith den phobal (\u00f3 thaobh c\u00farsa\u00ed t\u00edreola\u00edochta n\u00f3 saintr\u00e9ithe eile) at\u00e1 ina gc\u00f3na\u00ed ar oile\u00e1n na h\u00c9ireann an spriocgh\u00fapa.<\/span><\/li>\n<li><span style=\"font-weight: 400;\">T\u00e1 de choinn\u00edoll leis an tionscnamh gur cuid\u00edodh\u00a0 lena chur ar chumas an spriocghr\u00fapa scileanna, eolas agus\/n\u00f3 inni\u00falacht a ghn\u00f3th\u00fa a ligeann d\u00f3ibh rogha stuama a dh\u00e9anamh maidir leis an \u00e1bhar agus na seirbh\u00eds\u00ed me\u00e1n cumars\u00e1ide a thapa\u00edonn siad, a chrutha\u00edonn siad agus a roinneann siad.<\/span><\/li>\n<li><span style=\"font-weight: 400;\">T\u00e1 de choinn\u00edoll leis an tionscnamh gur reacht\u00e1ladh \u00e9 idir m\u00ed Feabhra 2023 agus m\u00ed Feabhra 2024.<\/span><\/li>\n<\/ul>\n<p><strong>Treoirl\u00ednte breise faoin Tionscnamh Litearthachta Me\u00e1n Ginear\u00e1lta is Fearr\u00a0<\/strong><\/p>\n<ul>\n<li><span style=\"font-weight: 400;\">T\u00e1 de choinn\u00edoll leis an tionscnamh gur cuid\u00edodh (go d\u00edreach n\u00f3 go hind\u00edreach) lena chur ar chumas dhaoine at\u00e1 ina gc\u00f3na\u00ed ar oile\u00e1n na h\u00c9ireann scileanna, eolas agus\/n\u00f3 inni\u00falacht a ghn\u00f3th\u00fa a ligeann d\u00f3ibh rogha stuama a dh\u00e9anamh maidir leis an \u00e1bhar agus na seirbh\u00eds\u00ed me\u00e1n cumars\u00e1ide a thapa\u00edonn siad, a chrutha\u00edonn siad agus a roinneann siad.<\/span><\/li>\n<li><span style=\"font-weight: 400;\">T\u00e1 de choinn\u00edoll leis an tionscnamh gur reacht\u00e1ladh \u00e9 idir m\u00ed Feabhra 2023 agus m\u00ed Feabhra 2024.<\/span><\/li>\n<\/ul>\n<p><strong>Treoirl\u00ednte breise faoin Tionscnamh Litearthachta Me\u00e1n Chumars\u00e1ide is Fearr faoi Sti\u00fair na Me\u00e1n\u00a0<\/strong><\/p>\n<ul>\n<li><span style=\"font-weight: 400;\">T\u00e1 de choinn\u00edoll leis an tionscnamh gur shaothraigh an eagra\u00edocht me\u00e1n cumars\u00e1ide, saothra\u00ed gairmi\u00fail sna me\u00e1in chumars\u00e1ide n\u00f3 comhph\u00e1irt\u00edocht me\u00e1n cumars\u00e1ide go seasta lean\u00fanach ag treisi\u00fa le hobair LM\u00c9 agus\/n\u00f3 ag cur teachtaireachta\u00ed faoi litearthacht maidir leis na me\u00e1in chumars\u00e1ide chun cinn ar a gcuid cain\u00e9al, ar bhealach at\u00e1 neartaitheach sp\u00e9isi\u00fail ag daoine a bhfuil c\u00f3na\u00ed orthu ar oile\u00e1n na h\u00c9ireann.<\/span><\/li>\n<li><span style=\"font-weight: 400;\">T\u00e1 de choinn\u00edoll leis an tionscnamh gur tharla an saothr\u00fa idir m\u00ed Feabhra 2023 agus m\u00ed Feabhra 2024<\/span><\/li>\n<\/ul>\n<p>&nbsp;<\/p>\n\t\t\t\t\t\t\r\n\t\t\t\t\t\t\t\t\t\t\t<\/div>\r\n\t\t\t\t<\/div>\r\n\t\t\t<\/div>\r\n\t\t\t<div class=\"col-12 col-lg-2 \">\r\n\t\t\t\t<div class=\"h-100 bg-color-purple\">\r\n\t\t\t\t\t\r\n\t\t\t\t<\/div>\r\n\t\t\t<\/div>\r\n\t\t\t<div class=\"col-12 col-lg-3 \">\r\n\t\t\t\t<div class=\"section-highlight-img-container   position-relative h-100\">\r\n\t\t\t\t\t\r\n\t\t\t\t\t\r\n\t\t\t\t\t\t\t\t\t\t\t\t\r\n\t\t\t\t\t\t\t<img decoding=\"async\" class=\"section-highlight-img wow fadeInRight\" src=\"https:\/\/www.medialiteracyireland.ie\/wp-content\/uploads\/2022\/11\/MLI-Awards-Logo-dark-bg.png\" alt=\"\" \/>\r\n\t\t\t\t\t\r\n\t\t\t\t\t\t\t\t\t\t\r\n\t\t\t\t\t\r\n\t\t\t\t\t<div class=\"section-highlight-img-mobile-bg bg-color-purple d-block d-lg-none\"><\/div>\r\n\t\t\t\t<\/div>\r\n\t\t\t<\/div>\t\t\t\t\r\n\t\t<\/div>\r\n\t\t\r\n\t<\/div>\r\n<\/section>\r\n","protected":false},"excerpt":{"rendered":"","protected":false},"author":4,"featured_media":0,"parent":1726,"menu_order":45,"comment_status":"closed","ping_status":"closed","template":"","meta":{"_acf_changed":false,"footnotes":""},"class_list":["post-1713","page","type-page","status-publish","hentry"],"acf":[],"yoast_head":"<!-- This site is optimized with the Yoast SEO plugin v27.4 - https:\/\/yoast.com\/product\/yoast-seo-wordpress\/ -->\n<title>T&amp;C maidir le Gradaim LM\u00c9 - Media Literacy Ireland<\/title>\n<meta name=\"robots\" content=\"index, follow, max-snippet:-1, max-image-preview:large, max-video-preview:-1\" \/>\n<link rel=\"canonical\" href=\"https:\/\/www.medialiteracyireland.ie\/awards\/mli-awards-tcs\/\" \/>\n<meta property=\"og:locale\" content=\"ga_IE\" \/>\n<meta property=\"og:type\" content=\"article\" \/>\n<meta property=\"og:title\" content=\"T&amp;C maidir le Gradaim LM\u00c9 - Media Literacy Ireland\" \/>\n<meta property=\"og:url\" content=\"https:\/\/www.medialiteracyireland.ie\/awards\/mli-awards-tcs\/\" \/>\n<meta property=\"og:site_name\" content=\"Media Literacy Ireland\" \/>\n<meta property=\"article:modified_time\" content=\"2024-08-12T11:41:46+00:00\" \/>\n<meta name=\"twitter:card\" content=\"summary_large_image\" \/>\n<script type=\"application\/ld+json\" class=\"yoast-schema-graph\">{\"@context\":\"https:\\\/\\\/schema.org\",\"@graph\":[{\"@type\":\"WebPage\",\"@id\":\"https:\\\/\\\/www.medialiteracyireland.ie\\\/awards\\\/mli-awards-tcs\\\/\",\"url\":\"https:\\\/\\\/www.medialiteracyireland.ie\\\/awards\\\/mli-awards-tcs\\\/\",\"name\":\"T&amp;C maidir le Gradaim LM\u00c9 - Media Literacy Ireland\",\"isPartOf\":{\"@id\":\"https:\\\/\\\/www.medialiteracyireland.ie\\\/#website\"},\"datePublished\":\"2022-11-30T11:48:39+00:00\",\"dateModified\":\"2024-08-12T11:41:46+00:00\",\"breadcrumb\":{\"@id\":\"https:\\\/\\\/www.medialiteracyireland.ie\\\/awards\\\/mli-awards-tcs\\\/#breadcrumb\"},\"inLanguage\":\"ga-IE\",\"potentialAction\":[{\"@type\":\"ReadAction\",\"target\":[\"https:\\\/\\\/www.medialiteracyireland.ie\\\/awards\\\/mli-awards-tcs\\\/\"]}]},{\"@type\":\"BreadcrumbList\",\"@id\":\"https:\\\/\\\/www.medialiteracyireland.ie\\\/awards\\\/mli-awards-tcs\\\/#breadcrumb\",\"itemListElement\":[{\"@type\":\"ListItem\",\"position\":1,\"name\":\"Home\",\"item\":\"https:\\\/\\\/www.medialiteracyireland.ie\\\/\"},{\"@type\":\"ListItem\",\"position\":2,\"name\":\"Maidir leis na Gradaim\",\"item\":\"https:\\\/\\\/www.medialiteracyireland.ie\\\/awards\\\/\"},{\"@type\":\"ListItem\",\"position\":3,\"name\":\"T&amp;C maidir le Gradaim LM\u00c9\"}]},{\"@type\":\"WebSite\",\"@id\":\"https:\\\/\\\/www.medialiteracyireland.ie\\\/#website\",\"url\":\"https:\\\/\\\/www.medialiteracyireland.ie\\\/\",\"name\":\"Media Literacy Ireland\",\"description\":\"An informal alliance working together to promote media literacy in Ireland.\",\"potentialAction\":[{\"@type\":\"SearchAction\",\"target\":{\"@type\":\"EntryPoint\",\"urlTemplate\":\"https:\\\/\\\/www.medialiteracyireland.ie\\\/?s={search_term_string}\"},\"query-input\":{\"@type\":\"PropertyValueSpecification\",\"valueRequired\":true,\"valueName\":\"search_term_string\"}}],\"inLanguage\":\"ga-IE\"}]}<\/script>\n<!-- \/ Yoast SEO plugin. -->","yoast_head_json":{"title":"T&amp;C maidir le Gradaim LM\u00c9 - Media Literacy Ireland","robots":{"index":"index","follow":"follow","max-snippet":"max-snippet:-1","max-image-preview":"max-image-preview:large","max-video-preview":"max-video-preview:-1"},"canonical":"https:\/\/www.medialiteracyireland.ie\/awards\/mli-awards-tcs\/","og_locale":"ga_IE","og_type":"article","og_title":"T&amp;C maidir le Gradaim LM\u00c9 - Media Literacy Ireland","og_url":"https:\/\/www.medialiteracyireland.ie\/awards\/mli-awards-tcs\/","og_site_name":"Media Literacy Ireland","article_modified_time":"2024-08-12T11:41:46+00:00","twitter_card":"summary_large_image","schema":{"@context":"https:\/\/schema.org","@graph":[{"@type":"WebPage","@id":"https:\/\/www.medialiteracyireland.ie\/awards\/mli-awards-tcs\/","url":"https:\/\/www.medialiteracyireland.ie\/awards\/mli-awards-tcs\/","name":"T&amp;C maidir le Gradaim LM\u00c9 - Media Literacy Ireland","isPartOf":{"@id":"https:\/\/www.medialiteracyireland.ie\/#website"},"datePublished":"2022-11-30T11:48:39+00:00","dateModified":"2024-08-12T11:41:46+00:00","breadcrumb":{"@id":"https:\/\/www.medialiteracyireland.ie\/awards\/mli-awards-tcs\/#breadcrumb"},"inLanguage":"ga-IE","potentialAction":[{"@type":"ReadAction","target":["https:\/\/www.medialiteracyireland.ie\/awards\/mli-awards-tcs\/"]}]},{"@type":"BreadcrumbList","@id":"https:\/\/www.medialiteracyireland.ie\/awards\/mli-awards-tcs\/#breadcrumb","itemListElement":[{"@type":"ListItem","position":1,"name":"Home","item":"https:\/\/www.medialiteracyireland.ie\/"},{"@type":"ListItem","position":2,"name":"Maidir leis na Gradaim","item":"https:\/\/www.medialiteracyireland.ie\/awards\/"},{"@type":"ListItem","position":3,"name":"T&amp;C maidir le Gradaim LM\u00c9"}]},{"@type":"WebSite","@id":"https:\/\/www.medialiteracyireland.ie\/#website","url":"https:\/\/www.medialiteracyireland.ie\/","name":"Media Literacy Ireland","description":"An informal alliance working together to promote media literacy in Ireland.","potentialAction":[{"@type":"SearchAction","target":{"@type":"EntryPoint","urlTemplate":"https:\/\/www.medialiteracyireland.ie\/?s={search_term_string}"},"query-input":{"@type":"PropertyValueSpecification","valueRequired":true,"valueName":"search_term_string"}}],"inLanguage":"ga-IE"}]}},"_links":{"self":[{"href":"https:\/\/www.medialiteracyireland.ie\/ga\/wp-json\/wp\/v2\/pages\/1713","targetHints":{"allow":["GET"]}}],"collection":[{"href":"https:\/\/www.medialiteracyireland.ie\/ga\/wp-json\/wp\/v2\/pages"}],"about":[{"href":"https:\/\/www.medialiteracyireland.ie\/ga\/wp-json\/wp\/v2\/types\/page"}],"author":[{"embeddable":true,"href":"https:\/\/www.medialiteracyireland.ie\/ga\/wp-json\/wp\/v2\/users\/4"}],"replies":[{"embeddable":true,"href":"https:\/\/www.medialiteracyireland.ie\/ga\/wp-json\/wp\/v2\/comments?post=1713"}],"version-history":[{"count":17,"href":"https:\/\/www.medialiteracyireland.ie\/ga\/wp-json\/wp\/v2\/pages\/1713\/revisions"}],"predecessor-version":[{"id":4505,"href":"https:\/\/www.medialiteracyireland.ie\/ga\/wp-json\/wp\/v2\/pages\/1713\/revisions\/4505"}],"up":[{"embeddable":true,"href":"https:\/\/www.medialiteracyireland.ie\/ga\/wp-json\/wp\/v2\/pages\/1726"}],"wp:attachment":[{"href":"https:\/\/www.medialiteracyireland.ie\/ga\/wp-json\/wp\/v2\/media?parent=1713"}],"curies":[{"name":"wp","href":"https:\/\/api.w.org\/{rel}","templated":true}]}}